{"id":38,"date":"2026-02-23T08:38:59","date_gmt":"2026-02-23T07:38:59","guid":{"rendered":"https:\/\/toposervice.hu\/?page_id=38"},"modified":"2026-03-26T11:20:35","modified_gmt":"2026-03-26T10:20:35","slug":"muszerertekesites","status":"publish","type":"page","link":"https:\/\/toposervice.hu\/?page_id=38","title":{"rendered":"M\u0171szer\u00e9rt\u00e9kes\u00edt\u00e9s"},"content":{"rendered":"\t\t<div data-elementor-type=\"wp-page\" data-elementor-id=\"38\" class=\"elementor elementor-38\">\n\t\t\t\t<div class=\"elementor-element elementor-element-31565b1 e-flex e-con-boxed e-con e-parent\" data-id=\"31565b1\" data-element_type=\"container\" data-e-type=\"container\">\n\t\t\t\t\t<div class=\"e-con-inner\">\n\t\t\t\t<div class=\"elementor-element elementor-element-b87d959 elementor-widget elementor-widget-text-editor\" data-id=\"b87d959\" data-element_type=\"widget\" data-e-type=\"widget\" data-widget_type=\"text-editor.default\">\n\t\t\t\t\t\t\t\t\t<h3 data-start=\"78\" data-end=\"102\"><strong data-start=\"81\" data-end=\"102\">M\u0171szer\u00e9rt\u00e9kes\u00edt\u00e9s<\/strong><\/h3><p data-start=\"104\" data-end=\"459\">C\u00e9g\u00fcnk elk\u00f6telezetten k\u00e9pviseli a megb\u00edzhat\u00f3, korszer\u0171 \u00e9s k\u00f6lts\u00e9ghat\u00e9kony geod\u00e9ziai megold\u00e1sokat, ez\u00e9rt m\u0171szerk\u00edn\u00e1latunk k\u00f6z\u00e9ppontj\u00e1ban a vil\u00e1gszerte elismert CHC Navigation term\u00e9kei \u00e1llnak. Olyan innovat\u00edv technol\u00f3gi\u00e1t biztos\u00edtunk partnereink sz\u00e1m\u00e1ra, amely a pontoss\u00e1got, a stabilit\u00e1st \u00e9s a modern digit\u00e1lis munkafolyamatok t\u00e1mogat\u00e1s\u00e1t helyezi el\u0151t\u00e9rbe.<\/p><p data-start=\"461\" data-end=\"824\">C\u00e9gvezet\u0151nk 2017 \u00f3ta \u00e1pol k\u00f6zvetlen \u00e9s kiemelked\u0151en j\u00f3 szakmai kapcsolatot a gy\u00e1rt\u00f3val, amely garant\u00e1lja a naprak\u00e9sz term\u00e9kt\u00e1mogat\u00e1st, a gyors inform\u00e1ci\u00f3\u00e1raml\u00e1st \u00e9s a megb\u00edzhat\u00f3 h\u00e1tt\u00e9rszolg\u00e1ltat\u00e1st. Ez a k\u00f6zvetlen kapcsolat lehet\u0151v\u00e9 teszi sz\u00e1munkra, hogy \u00fcgyfeleink sz\u00e1m\u00e1ra versenyk\u00e9pes \u00e1rakat, gyors beszerz\u00e9st \u00e9s szakmailag megalapozott t\u00e1mogat\u00e1st biztos\u00edtsunk.<\/p><p data-start=\"826\" data-end=\"1181\">2021 \u00f3ta a CHC eszk\u00f6z\u00f6k teljes k\u00f6r\u0171 szervizel\u00e9s\u00e9t h\u00e1zon bel\u00fcl v\u00e9gezz\u00fck \u2013 mind garanci\u00e1lis id\u0151n bel\u00fcl, mind garanci\u00e1n t\u00fal. Ez nemcsak gyorsabb jav\u00edt\u00e1si id\u0151t jelent, hanem biztos\u00edtja, hogy a m\u0171szerek a lehet\u0151 legr\u00f6videbb kies\u00e9ssel ker\u00fcljenek vissza a munkater\u00fcletre. Szervizcsapatunk tapasztalata \u00e9s gy\u00e1ri t\u00e1mogat\u00e1sa garancia a megb\u00edzhat\u00f3, prec\u00edz jav\u00edt\u00e1sra.<\/p><p data-start=\"1183\" data-end=\"1464\">Kiemelt el\u0151ny\u00fcnk, hogy minden CHC RTK eszk\u00f6zh\u00f6z Magyarorsz\u00e1g teljes ter\u00fclet\u00e9n d\u00edjmentes korrekci\u00f3szolg\u00e1ltat\u00e1st biztos\u00edtunk. Ez azonnali k\u00f6lts\u00e9gmegtakar\u00edt\u00e1st \u00e9s egyszer\u0171bb tervezhet\u0151s\u00e9get jelent \u00fcgyfeleink sz\u00e1m\u00e1ra, mik\u00f6zben a centim\u00e9ter pontoss\u00e1g\u00fa munkav\u00e9gz\u00e9s tov\u00e1bbra is garant\u00e1lt.<\/p><p data-start=\"1466\" data-end=\"1724\">Sz\u00e1munkra a m\u0171szer\u00e9rt\u00e9kes\u00edt\u00e9s nem puszt\u00e1n term\u00e9k\u00e1tad\u00e1s \u2013 komplex szakmai t\u00e1mogat\u00e1st, hossz\u00fa t\u00e1v\u00fa partners\u00e9get \u00e9s val\u00f3di megold\u00e1sokat k\u00edn\u00e1lunk. C\u00e9lunk, hogy \u00fcgyfeleink biztos technol\u00f3giai h\u00e1tt\u00e9rrel, magabiztosan \u00e9s hat\u00e9konyan dolgozhassanak minden projektben.<\/p>\t\t\t\t\t\t\t\t<\/div>\n\t\t\t\t<div class=\"elementor-element elementor-element-c7400f0 elementor-widget elementor-widget-text-editor\" data-id=\"c7400f0\" data-element_type=\"widget\" data-e-type=\"widget\" data-widget_type=\"text-editor.default\">\n\t\t\t\t\t\t\t\t\t<p>M\u0171szer\u00e9rt\u00e9kes\u00edt\u00e9ssel kapcsolatban keresse koll\u00e9g\u00e1nkat:<\/p>\t\t\t\t\t\t\t\t<\/div>\n\t\t\t\t<div class=\"elementor-element elementor-element-1a016ae elementor-icon-list--layout-traditional elementor-list-item-link-full_width elementor-widget elementor-widget-icon-list\" data-id=\"1a016ae\" data-element_type=\"widget\" data-e-type=\"widget\" data-widget_type=\"icon-list.default\">\n\t\t\t\t\t\t\t<ul class=\"elementor-icon-list-items\">\n\t\t\t\t\t\t\t<li class=\"elementor-icon-list-item\">\n\t\t\t\t\t\t\t\t\t\t\t<span class=\"elementor-icon-list-icon\">\n\t\t\t\t\t\t\t<svg aria-hidden=\"true\" class=\"e-font-icon-svg e-far-address-book\" viewBox=\"0 0 448 512\" xmlns=\"http:\/\/www.w3.org\/2000\/svg\"><path d=\"M436 160c6.6 0 12-5.4 12-12v-40c0-6.6-5.4-12-12-12h-20V48c0-26.5-21.5-48-48-48H48C21.5 0 0 21.5 0 48v416c0 26.5 21.5 48 48 48h320c26.5 0 48-21.5 48-48v-48h20c6.6 0 12-5.4 12-12v-40c0-6.6-5.4-12-12-12h-20v-64h20c6.6 0 12-5.4 12-12v-40c0-6.6-5.4-12-12-12h-20v-64h20zm-68 304H48V48h320v416zM208 256c35.3 0 64-28.7 64-64s-28.7-64-64-64-64 28.7-64 64 28.7 64 64 64zm-89.6 128h179.2c12.4 0 22.4-8.6 22.4-19.2v-19.2c0-31.8-30.1-57.6-67.2-57.6-10.8 0-18.7 8-44.8 8-26.9 0-33.4-8-44.8-8-37.1 0-67.2 25.8-67.2 57.6v19.2c0 10.6 10 19.2 22.4 19.2z\"><\/path><\/svg>\t\t\t\t\t\t<\/span>\n\t\t\t\t\t\t\t\t\t\t<span class=\"elementor-icon-list-text\">Szigetv\u00e1ri P\u00e9ter<\/span>\n\t\t\t\t\t\t\t\t\t<\/li>\n\t\t\t\t\t\t\t\t<li class=\"elementor-icon-list-item\">\n\t\t\t\t\t\t\t\t\t\t\t<span class=\"elementor-icon-list-icon\">\n\t\t\t\t\t\t\t<svg aria-hidden=\"true\" class=\"e-font-icon-svg e-fas-phone-square\" viewBox=\"0 0 448 512\" xmlns=\"http:\/\/www.w3.org\/2000\/svg\"><path d=\"M400 32H48C21.49 32 0 53.49 0 80v352c0 26.51 21.49 48 48 48h352c26.51 0 48-21.49 48-48V80c0-26.51-21.49-48-48-48zM94 416c-7.033 0-13.057-4.873-14.616-11.627l-14.998-65a15 15 0 0 1 8.707-17.16l69.998-29.999a15 15 0 0 1 17.518 4.289l30.997 37.885c48.944-22.963 88.297-62.858 110.781-110.78l-37.886-30.997a15.001 15.001 0 0 1-4.289-17.518l30-69.998a15 15 0 0 1 17.16-8.707l65 14.998A14.997 14.997 0 0 1 384 126c0 160.292-129.945 290-290 290z\"><\/path><\/svg>\t\t\t\t\t\t<\/span>\n\t\t\t\t\t\t\t\t\t\t<span class=\"elementor-icon-list-text\">+36 20 382 4962<\/span>\n\t\t\t\t\t\t\t\t\t<\/li>\n\t\t\t\t\t\t\t\t<li class=\"elementor-icon-list-item\">\n\t\t\t\t\t\t\t\t\t\t\t<span class=\"elementor-icon-list-icon\">\n\t\t\t\t\t\t\t<svg aria-hidden=\"true\" class=\"e-font-icon-svg e-fas-mail-bulk\" viewBox=\"0 0 576 512\" xmlns=\"http:\/\/www.w3.org\/2000\/svg\"><path d=\"M160 448c-25.6 0-51.2-22.4-64-32-64-44.8-83.2-60.8-96-70.4V480c0 17.67 14.33 32 32 32h256c17.67 0 32-14.33 32-32V345.6c-12.8 9.6-32 25.6-96 70.4-12.8 9.6-38.4 32-64 32zm128-192H32c-17.67 0-32 14.33-32 32v16c25.6 19.2 22.4 19.2 115.2 86.4 9.6 6.4 28.8 25.6 44.8 25.6s35.2-19.2 44.8-22.4c92.8-67.2 89.6-67.2 115.2-86.4V288c0-17.67-14.33-32-32-32zm256-96H224c-17.67 0-32 14.33-32 32v32h96c33.21 0 60.59 25.42 63.71 57.82l.29-.22V416h192c17.67 0 32-14.33 32-32V192c0-17.67-14.33-32-32-32zm-32 128h-64v-64h64v64zm-352-96c0-35.29 28.71-64 64-64h224V32c0-17.67-14.33-32-32-32H96C78.33 0 64 14.33 64 32v192h96v-32z\"><\/path><\/svg>\t\t\t\t\t\t<\/span>\n\t\t\t\t\t\t\t\t\t\t<span class=\"elementor-icon-list-text\">szigetvari@toposervice.hu<\/span>\n\t\t\t\t\t\t\t\t\t<\/li>\n\t\t\t\t\t\t<\/ul>\n\t\t\t\t\t\t<\/div>\n\t\t\t\t<div class=\"elementor-element elementor-element-b1aed06 elementor-align-center elementor-widget elementor-widget-button\" data-id=\"b1aed06\" data-element_type=\"widget\" data-e-type=\"widget\" data-widget_type=\"button.default\">\n\t\t\t\t\t\t\t\t\t\t<a class=\"elementor-button elementor-button-link elementor-size-sm\" href=\"https:\/\/toposervice.hu\/#termekek\">\n\t\t\t\t\t\t<span class=\"elementor-button-content-wrapper\">\n\t\t\t\t\t\t\t\t\t<span class=\"elementor-button-text\">Term\u00e9kek<\/span>\n\t\t\t\t\t<\/span>\n\t\t\t\t\t<\/a>\n\t\t\t\t\t\t\t\t<\/div>\n\t\t\t\t\t<\/div>\n\t\t\t\t<\/div>\n\t\t\t\t<\/div>\n\t\t","protected":false},"excerpt":{"rendered":"<p>M\u0171szer\u00e9rt\u00e9kes\u00edt\u00e9s C\u00e9g\u00fcnk elk\u00f6telezetten k\u00e9pviseli a megb\u00edzhat\u00f3, korszer\u0171 \u00e9s k\u00f6lts\u00e9ghat\u00e9kony geod\u00e9ziai megold\u00e1sokat, ez\u00e9rt m\u0171szerk\u00edn\u00e1latunk k\u00f6z\u00e9ppontj\u00e1ban a vil\u00e1gszerte elismert CHC Navigation term\u00e9kei [&hellip;]<\/p>\n","protected":false},"author":1,"featured_media":0,"parent":0,"menu_order":0,"comment_status":"closed","ping_status":"closed","template":"","meta":{"site-sidebar-layout":"no-sidebar","site-content-layout":"","ast-site-content-layout":"full-width-container","site-content-style":"default","site-sidebar-style":"default","ast-global-header-display":"","ast-banner-title-visibility":"","ast-main-header-display":"","ast-hfb-above-header-display":"","ast-hfb-below-header-display":"","ast-hfb-mobile-header-display":"","site-post-title":"disabled","ast-breadcrumbs-content":"","ast-featured-img":"disabled","footer-sml-layout":"","ast-disable-related-posts":"","theme-transparent-header-meta":"","adv-header-id-meta":"","stick-header-meta":"","header-above-stick-meta":"","header-main-stick-meta":"","header-below-stick-meta":"","astra-migrate-meta-layouts":"default","ast-page-background-enabled":"default","ast-page-background-meta":{"desktop":{"background-color":"var(--ast-global-color-5)","background-image":"","background-repeat":"repeat","background-position":"center center","background-size":"auto","background-attachment":"scroll","background-type":"","background-media":"","overlay-type":"","overlay-color":"","overlay-opacity":"","overlay-gradient":""},"tablet":{"background-color":"","background-image":"","background-repeat":"repeat","background-position":"center center","background-size":"auto","background-attachment":"scroll","background-type":"","background-media":"","overlay-type":"","overlay-color":"","overlay-opacity":"","overlay-gradient":""},"mobile":{"background-color":"","background-image":"","background-repeat":"repeat","background-position":"center center","background-size":"auto","background-attachment":"scroll","background-type":"","background-media":"","overlay-type":"","overlay-color":"","overlay-opacity":"","overlay-gradient":""}},"ast-content-background-meta":{"desktop":{"background-color":"var(--ast-global-color-4)","background-image":"","background-repeat":"repeat","background-position":"center center","background-size":"auto","background-attachment":"scroll","background-type":"","background-media":"","overlay-type":"","overlay-color":"","overlay-opacity":"","overlay-gradient":""},"tablet":{"background-color":"var(--ast-global-color-4)","background-image":"","background-repeat":"repeat","background-position":"center center","background-size":"auto","background-attachment":"scroll","background-type":"","background-media":"","overlay-type":"","overlay-color":"","overlay-opacity":"","overlay-gradient":""},"mobile":{"background-color":"var(--ast-global-color-4)","background-image":"","background-repeat":"repeat","background-position":"center center","background-size":"auto","background-attachment":"scroll","background-type":"","background-media":"","overlay-type":"","overlay-color":"","overlay-opacity":"","overlay-gradient":""}},"footnotes":""},"class_list":["post-38","page","type-page","status-publish","hentry"],"_links":{"self":[{"href":"https:\/\/toposervice.hu\/index.php?rest_route=\/wp\/v2\/pages\/38","targetHints":{"allow":["GET"]}}],"collection":[{"href":"https:\/\/toposervice.hu\/index.php?rest_route=\/wp\/v2\/pages"}],"about":[{"href":"https:\/\/toposervice.hu\/index.php?rest_route=\/wp\/v2\/types\/page"}],"author":[{"embeddable":true,"href":"https:\/\/toposervice.hu\/index.php?rest_route=\/wp\/v2\/users\/1"}],"replies":[{"embeddable":true,"href":"https:\/\/toposervice.hu\/index.php?rest_route=%2Fwp%2Fv2%2Fcomments&post=38"}],"version-history":[{"count":38,"href":"https:\/\/toposervice.hu\/index.php?rest_route=\/wp\/v2\/pages\/38\/revisions"}],"predecessor-version":[{"id":2123,"href":"https:\/\/toposervice.hu\/index.php?rest_route=\/wp\/v2\/pages\/38\/revisions\/2123"}],"wp:attachment":[{"href":"https:\/\/toposervice.hu\/index.php?rest_route=%2Fwp%2Fv2%2Fmedia&parent=38"}],"curies":[{"name":"wp","href":"https:\/\/api.w.org\/{rel}","templated":true}]}}