{"id":49,"date":"2026-02-23T08:41:45","date_gmt":"2026-02-23T07:41:45","guid":{"rendered":"https:\/\/toposervice.hu\/?page_id=49"},"modified":"2026-03-26T09:10:27","modified_gmt":"2026-03-26T08:10:27","slug":"gnss-szenzorok","status":"publish","type":"page","link":"https:\/\/toposervice.hu\/?page_id=49","title":{"rendered":"GNSS szenzorok"},"content":{"rendered":"\t\t<div data-elementor-type=\"wp-page\" data-elementor-id=\"49\" class=\"elementor elementor-49\">\n\t\t\t\t<div class=\"elementor-element elementor-element-49ef8d8 e-flex e-con-boxed e-con e-parent\" data-id=\"49ef8d8\" data-element_type=\"container\" data-e-type=\"container\">\n\t\t\t\t\t<div class=\"e-con-inner\">\n\t\t\t\t<div class=\"elementor-element elementor-element-75e86c3 elementor-widget elementor-widget-text-editor\" data-id=\"75e86c3\" data-element_type=\"widget\" data-e-type=\"widget\" data-widget_type=\"text-editor.default\">\n\t\t\t\t\t\t\t\t\t<h2>GNSS szenzorok<\/h2><p>A CHCNav GNSS szenzorai sz\u00e1mos ter\u00fcleten bizony\u00edtottak az \u00e9vek sor\u00e1n, legyen az g\u00e9pvez\u00e9rl\u00e9s, vagy permanens b\u00e1zis \u00e1llom\u00e1s. Fejlett GNSS board-al, k\u00fcl\u00f6nb\u00f6z\u0151 adatkinyer\u00e9si lehet\u0151s\u00e9gekkel rendelkeznek.<\/p>\t\t\t\t\t\t\t\t<\/div>\n\t\t\t\t<div class=\"elementor-element elementor-element-a8b8f8f elementor-widget elementor-widget-image\" data-id=\"a8b8f8f\" data-element_type=\"widget\" data-e-type=\"widget\" data-widget_type=\"image.default\">\n\t\t\t\t\t\t\t\t\t\t\t\t\t\t\t<img fetchpriority=\"high\" decoding=\"async\" width=\"1024\" height=\"683\" src=\"https:\/\/toposervice.hu\/wp-content\/uploads\/2026\/03\/DSC00327-1024x683.jpg\" class=\"attachment-large size-large wp-image-1632\" alt=\"kont\u00e9ner targonca\" srcset=\"https:\/\/toposervice.hu\/wp-content\/uploads\/2026\/03\/DSC00327-1024x683.jpg 1024w, https:\/\/toposervice.hu\/wp-content\/uploads\/2026\/03\/DSC00327-300x200.jpg 300w, https:\/\/toposervice.hu\/wp-content\/uploads\/2026\/03\/DSC00327-768x512.jpg 768w, https:\/\/toposervice.hu\/wp-content\/uploads\/2026\/03\/DSC00327-1536x1024.jpg 1536w, https:\/\/toposervice.hu\/wp-content\/uploads\/2026\/03\/DSC00327.jpg 1555w\" sizes=\"(max-width: 1024px) 100vw, 1024px\" \/>\t\t\t\t\t\t\t\t\t\t\t\t\t\t\t<\/div>\n\t\t\t\t\t<\/div>\n\t\t\t\t<\/div>\n\t\t<div class=\"elementor-element elementor-element-378db2f e-grid e-con-boxed e-con e-parent\" data-id=\"378db2f\" data-element_type=\"container\" data-e-type=\"container\">\n\t\t\t\t\t<div class=\"e-con-inner\">\n\t\t\t\t<div class=\"elementor-element elementor-element-8b4ce6e elementor-widget elementor-widget-image\" data-id=\"8b4ce6e\" data-element_type=\"widget\" data-e-type=\"widget\" data-widget_type=\"image.default\">\n\t\t\t\t\t\t\t\t\t\t\t\t\t\t\t<img decoding=\"async\" width=\"150\" height=\"150\" src=\"https:\/\/toposervice.hu\/wp-content\/uploads\/2026\/03\/P2-Elite-Side-View-2-1-150x150.png\" class=\"attachment-thumbnail size-thumbnail wp-image-1931\" alt=\"P2 Elite Side View-2\" \/>\t\t\t\t\t\t\t\t\t\t\t\t\t\t\t<\/div>\n\t\t\t\t<div class=\"elementor-element elementor-element-3b4e56e elementor-widget elementor-widget-text-editor\" data-id=\"3b4e56e\" data-element_type=\"widget\" data-e-type=\"widget\" data-widget_type=\"text-editor.default\">\n\t\t\t\t\t\t\t\t\t<h2>CHC P2 Elite<\/h2><p>A CHC P2 Elite egy k\u00e9tantenn\u00e1s, fejlett IMU szenzorral, integr\u00e1lt 4G \u00e9s UHF modemmel rendelkezik, megb\u00edzhat\u00f3 ir\u00e1ny- \u00e9s poz\u00edci\u00f3 meghat\u00e1roz\u00e1sra tervezt\u00e9k.<\/p>\t\t\t\t\t\t\t\t<\/div>\n\t\t\t\t<div class=\"elementor-element elementor-element-a2eb38e elementor-align-center elementor-widget elementor-widget-button\" data-id=\"a2eb38e\" data-element_type=\"widget\" data-e-type=\"widget\" data-widget_type=\"button.default\">\n\t\t\t\t\t\t\t\t\t\t<a class=\"elementor-button elementor-button-link elementor-size-sm\" href=\"https:\/\/toposervice.hu\/pdf\/P2_Elite_magyar_H.pdf\" target=\"_blank\">\n\t\t\t\t\t\t<span class=\"elementor-button-content-wrapper\">\n\t\t\t\t\t\t\t\t\t<span class=\"elementor-button-text\">B\u0151vebben<\/span>\n\t\t\t\t\t<\/span>\n\t\t\t\t\t<\/a>\n\t\t\t\t\t\t\t\t<\/div>\n\t\t\t\t\t<\/div>\n\t\t\t\t<\/div>\n\t\t\t\t<\/div>\n\t\t","protected":false},"excerpt":{"rendered":"<p>GNSS szenzorok A CHCNav GNSS szenzorai sz\u00e1mos ter\u00fcleten bizony\u00edtottak az \u00e9vek sor\u00e1n, legyen az g\u00e9pvez\u00e9rl\u00e9s, vagy permanens b\u00e1zis \u00e1llom\u00e1s. Fejlett [&hellip;]<\/p>\n","protected":false},"author":1,"featured_media":0,"parent":0,"menu_order":0,"comment_status":"closed","ping_status":"closed","template":"","meta":{"site-sidebar-layout":"no-sidebar","site-content-layout":"","ast-site-content-layout":"full-width-container","site-content-style":"default","site-sidebar-style":"default","ast-global-header-display":"","ast-banner-title-visibility":"","ast-main-header-display":"","ast-hfb-above-header-display":"","ast-hfb-below-header-display":"","ast-hfb-mobile-header-display":"","site-post-title":"disabled","ast-breadcrumbs-content":"","ast-featured-img":"disabled","footer-sml-layout":"","ast-disable-related-posts":"","theme-transparent-header-meta":"","adv-header-id-meta":"","stick-header-meta":"","header-above-stick-meta":"","header-main-stick-meta":"","header-below-stick-meta":"","astra-migrate-meta-layouts":"default","ast-page-background-enabled":"default","ast-page-background-meta":{"desktop":{"background-color":"var(--ast-global-color-5)","background-image":"","background-repeat":"repeat","background-position":"center center","background-size":"auto","background-attachment":"scroll","background-type":"","background-media":"","overlay-type":"","overlay-color":"","overlay-opacity":"","overlay-gradient":""},"tablet":{"background-color":"","background-image":"","background-repeat":"repeat","background-position":"center center","background-size":"auto","background-attachment":"scroll","background-type":"","background-media":"","overlay-type":"","overlay-color":"","overlay-opacity":"","overlay-gradient":""},"mobile":{"background-color":"","background-image":"","background-repeat":"repeat","background-position":"center center","background-size":"auto","background-attachment":"scroll","background-type":"","background-media":"","overlay-type":"","overlay-color":"","overlay-opacity":"","overlay-gradient":""}},"ast-content-background-meta":{"desktop":{"background-color":"var(--ast-global-color-4)","background-image":"","background-repeat":"repeat","background-position":"center center","background-size":"auto","background-attachment":"scroll","background-type":"","background-media":"","overlay-type":"","overlay-color":"","overlay-opacity":"","overlay-gradient":""},"tablet":{"background-color":"var(--ast-global-color-4)","background-image":"","background-repeat":"repeat","background-position":"center center","background-size":"auto","background-attachment":"scroll","background-type":"","background-media":"","overlay-type":"","overlay-color":"","overlay-opacity":"","overlay-gradient":""},"mobile":{"background-color":"var(--ast-global-color-4)","background-image":"","background-repeat":"repeat","background-position":"center center","background-size":"auto","background-attachment":"scroll","background-type":"","background-media":"","overlay-type":"","overlay-color":"","overlay-opacity":"","overlay-gradient":""}},"footnotes":""},"class_list":["post-49","page","type-page","status-publish","hentry"],"_links":{"self":[{"href":"https:\/\/toposervice.hu\/index.php?rest_route=\/wp\/v2\/pages\/49","targetHints":{"allow":["GET"]}}],"collection":[{"href":"https:\/\/toposervice.hu\/index.php?rest_route=\/wp\/v2\/pages"}],"about":[{"href":"https:\/\/toposervice.hu\/index.php?rest_route=\/wp\/v2\/types\/page"}],"author":[{"embeddable":true,"href":"https:\/\/toposervice.hu\/index.php?rest_route=\/wp\/v2\/users\/1"}],"replies":[{"embeddable":true,"href":"https:\/\/toposervice.hu\/index.php?rest_route=%2Fwp%2Fv2%2Fcomments&post=49"}],"version-history":[{"count":53,"href":"https:\/\/toposervice.hu\/index.php?rest_route=\/wp\/v2\/pages\/49\/revisions"}],"predecessor-version":[{"id":2078,"href":"https:\/\/toposervice.hu\/index.php?rest_route=\/wp\/v2\/pages\/49\/revisions\/2078"}],"wp:attachment":[{"href":"https:\/\/toposervice.hu\/index.php?rest_route=%2Fwp%2Fv2%2Fmedia&parent=49"}],"curies":[{"name":"wp","href":"https:\/\/api.w.org\/{rel}","templated":true}]}}