{"id":50,"date":"2026-02-23T08:41:45","date_gmt":"2026-02-23T07:41:45","guid":{"rendered":"https:\/\/toposervice.hu\/?page_id=50"},"modified":"2026-03-26T09:11:48","modified_gmt":"2026-03-26T08:11:48","slug":"meroallomas","status":"publish","type":"page","link":"https:\/\/toposervice.hu\/?page_id=50","title":{"rendered":"M\u00e9r\u0151\u00e1llom\u00e1s"},"content":{"rendered":"\t\t<div data-elementor-type=\"wp-page\" data-elementor-id=\"50\" class=\"elementor elementor-50\">\n\t\t\t\t<div class=\"elementor-element elementor-element-1fac4c9 e-flex e-con-boxed e-con e-parent\" data-id=\"1fac4c9\" data-element_type=\"container\" data-e-type=\"container\">\n\t\t\t\t\t<div class=\"e-con-inner\">\n\t\t\t\t<div class=\"elementor-element elementor-element-0566b6d elementor-widget elementor-widget-text-editor\" data-id=\"0566b6d\" data-element_type=\"widget\" data-e-type=\"widget\" data-widget_type=\"text-editor.default\">\n\t\t\t\t\t\t\t\t\t<h2 data-start=\"3389\" data-end=\"3591\">M\u00e9r\u0151\u00e1llom\u00e1s<\/h2><p data-start=\"3389\" data-end=\"3591\">Az ut\u00f3bbi \u00e9vekben a CHC Navigation nagy energi\u00e1t fektetett a geod\u00e9ziai m\u00e9r\u0151\u00e1llom\u00e1sok fejleszt\u00e9se ter\u00e9n. Az Androidos platformnak k\u00f6sz\u00f6nhet\u0151en grafikus megjelen\u00edt\u00e9sre, \u00e9s a terepen rajzi \u00e1llom\u00e1nyok gyors \u00e9s megb\u00edzhat\u00f3 alkalmaz\u00e1s\u00e1ra ad lehet\u0151s\u00e9get.<\/p>\t\t\t\t\t\t\t\t<\/div>\n\t\t\t\t<div class=\"elementor-element elementor-element-b0d44cc elementor-widget elementor-widget-image\" data-id=\"b0d44cc\" data-element_type=\"widget\" data-e-type=\"widget\" data-widget_type=\"image.default\">\n\t\t\t\t\t\t\t\t\t\t\t\t\t\t\t<img fetchpriority=\"high\" decoding=\"async\" width=\"1024\" height=\"576\" src=\"https:\/\/toposervice.hu\/wp-content\/uploads\/2026\/03\/CTS-A100_application-1024x576.jpg\" class=\"attachment-large size-large wp-image-1642\" alt=\"CTS-A100_application\" srcset=\"https:\/\/toposervice.hu\/wp-content\/uploads\/2026\/03\/CTS-A100_application-1024x576.jpg 1024w, https:\/\/toposervice.hu\/wp-content\/uploads\/2026\/03\/CTS-A100_application-300x169.jpg 300w, https:\/\/toposervice.hu\/wp-content\/uploads\/2026\/03\/CTS-A100_application-768x432.jpg 768w, https:\/\/toposervice.hu\/wp-content\/uploads\/2026\/03\/CTS-A100_application-1536x864.jpg 1536w, https:\/\/toposervice.hu\/wp-content\/uploads\/2026\/03\/CTS-A100_application-2048x1152.jpg 2048w\" sizes=\"(max-width: 1024px) 100vw, 1024px\" \/>\t\t\t\t\t\t\t\t\t\t\t\t\t\t\t<\/div>\n\t\t\t\t\t<\/div>\n\t\t\t\t<\/div>\n\t\t<div class=\"elementor-element elementor-element-6b0f35f e-grid e-con-boxed e-con e-parent\" data-id=\"6b0f35f\" data-element_type=\"container\" data-e-type=\"container\" data-settings=\"{&quot;background_background&quot;:&quot;classic&quot;}\">\n\t\t\t\t\t<div class=\"e-con-inner\">\n\t\t\t\t<div class=\"elementor-element elementor-element-ae6ecc2 elementor-widget elementor-widget-image\" data-id=\"ae6ecc2\" data-element_type=\"widget\" data-e-type=\"widget\" data-widget_type=\"image.default\">\n\t\t\t\t\t\t\t\t\t\t\t\t\t\t\t<img decoding=\"async\" width=\"150\" height=\"150\" src=\"https:\/\/toposervice.hu\/wp-content\/uploads\/2026\/03\/CTS-A100_Transparent-background-10-1-150x150.png\" class=\"attachment-thumbnail size-thumbnail wp-image-1891\" alt=\"CTS-A100_Transparent background (10)\" \/>\t\t\t\t\t\t\t\t\t\t\t\t\t\t\t<\/div>\n\t\t\t\t<div class=\"elementor-element elementor-element-16b25ec elementor-widget elementor-widget-text-editor\" data-id=\"16b25ec\" data-element_type=\"widget\" data-e-type=\"widget\" data-widget_type=\"text-editor.default\">\n\t\t\t\t\t\t\t\t\t<h2>CTS-A100<\/h2><p>Egyszer\u0171, de gyors \u00e9s prec\u00edz manu\u00e1lis m\u00e9r\u0151\u00e1llom\u00e1s. 1500m-ig prizma n\u00e9lk\u00fcli m\u00e9r\u00e9sre alkalmazhat\u00f3, 2\u201d-es sz\u00f6gm\u00e9r\u00e9si pontoss\u00e1ga a legt\u00f6bb geod\u00e9ziai feladatra b\u0151ven elegend\u0151. A be\u00e9p\u00edtett nyolcmagos processzor z\u00f6kken\u0151mentes m\u0171k\u00f6d\u00e9st biztos\u00edt az Android platform\u00fa LandStar szoftvernek.<\/p>\t\t\t\t\t\t\t\t<\/div>\n\t\t\t\t<div class=\"elementor-element elementor-element-aa631e9 elementor-align-center elementor-widget elementor-widget-button\" data-id=\"aa631e9\" data-element_type=\"widget\" data-e-type=\"widget\" data-widget_type=\"button.default\">\n\t\t\t\t\t\t\t\t\t\t<a class=\"elementor-button elementor-button-link elementor-size-sm\" href=\"https:\/\/toposervice.hu\/pdf\/CTS-A100_HUN.pdf\" target=\"_blank\">\n\t\t\t\t\t\t<span class=\"elementor-button-content-wrapper\">\n\t\t\t\t\t\t\t\t\t<span class=\"elementor-button-text\">B\u0151vebben<\/span>\n\t\t\t\t\t<\/span>\n\t\t\t\t\t<\/a>\n\t\t\t\t\t\t\t\t<\/div>\n\t\t\t\t\t<\/div>\n\t\t\t\t<\/div>\n\t\t\t\t<\/div>\n\t\t","protected":false},"excerpt":{"rendered":"<p>M\u00e9r\u0151\u00e1llom\u00e1s Az ut\u00f3bbi \u00e9vekben a CHC Navigation nagy energi\u00e1t fektetett a geod\u00e9ziai m\u00e9r\u0151\u00e1llom\u00e1sok fejleszt\u00e9se ter\u00e9n. Az Androidos platformnak k\u00f6sz\u00f6nhet\u0151en grafikus [&hellip;]<\/p>\n","protected":false},"author":1,"featured_media":0,"parent":0,"menu_order":0,"comment_status":"closed","ping_status":"closed","template":"","meta":{"site-sidebar-layout":"no-sidebar","site-content-layout":"","ast-site-content-layout":"full-width-container","site-content-style":"default","site-sidebar-style":"default","ast-global-header-display":"","ast-banner-title-visibility":"","ast-main-header-display":"","ast-hfb-above-header-display":"","ast-hfb-below-header-display":"","ast-hfb-mobile-header-display":"","site-post-title":"disabled","ast-breadcrumbs-content":"","ast-featured-img":"disabled","footer-sml-layout":"","ast-disable-related-posts":"","theme-transparent-header-meta":"","adv-header-id-meta":"","stick-header-meta":"","header-above-stick-meta":"","header-main-stick-meta":"","header-below-stick-meta":"","astra-migrate-meta-layouts":"default","ast-page-background-enabled":"default","ast-page-background-meta":{"desktop":{"background-color":"var(--ast-global-color-5)","background-image":"","background-repeat":"repeat","background-position":"center center","background-size":"auto","background-attachment":"scroll","background-type":"","background-media":"","overlay-type":"","overlay-color":"","overlay-opacity":"","overlay-gradient":""},"tablet":{"background-color":"","background-image":"","background-repeat":"repeat","background-position":"center center","background-size":"auto","background-attachment":"scroll","background-type":"","background-media":"","overlay-type":"","overlay-color":"","overlay-opacity":"","overlay-gradient":""},"mobile":{"background-color":"","background-image":"","background-repeat":"repeat","background-position":"center center","background-size":"auto","background-attachment":"scroll","background-type":"","background-media":"","overlay-type":"","overlay-color":"","overlay-opacity":"","overlay-gradient":""}},"ast-content-background-meta":{"desktop":{"background-color":"var(--ast-global-color-4)","background-image":"","background-repeat":"repeat","background-position":"center center","background-size":"auto","background-attachment":"scroll","background-type":"","background-media":"","overlay-type":"","overlay-color":"","overlay-opacity":"","overlay-gradient":""},"tablet":{"background-color":"var(--ast-global-color-4)","background-image":"","background-repeat":"repeat","background-position":"center center","background-size":"auto","background-attachment":"scroll","background-type":"","background-media":"","overlay-type":"","overlay-color":"","overlay-opacity":"","overlay-gradient":""},"mobile":{"background-color":"var(--ast-global-color-4)","background-image":"","background-repeat":"repeat","background-position":"center center","background-size":"auto","background-attachment":"scroll","background-type":"","background-media":"","overlay-type":"","overlay-color":"","overlay-opacity":"","overlay-gradient":""}},"footnotes":""},"class_list":["post-50","page","type-page","status-publish","hentry"],"_links":{"self":[{"href":"https:\/\/toposervice.hu\/index.php?rest_route=\/wp\/v2\/pages\/50","targetHints":{"allow":["GET"]}}],"collection":[{"href":"https:\/\/toposervice.hu\/index.php?rest_route=\/wp\/v2\/pages"}],"about":[{"href":"https:\/\/toposervice.hu\/index.php?rest_route=\/wp\/v2\/types\/page"}],"author":[{"embeddable":true,"href":"https:\/\/toposervice.hu\/index.php?rest_route=\/wp\/v2\/users\/1"}],"replies":[{"embeddable":true,"href":"https:\/\/toposervice.hu\/index.php?rest_route=%2Fwp%2Fv2%2Fcomments&post=50"}],"version-history":[{"count":86,"href":"https:\/\/toposervice.hu\/index.php?rest_route=\/wp\/v2\/pages\/50\/revisions"}],"predecessor-version":[{"id":2084,"href":"https:\/\/toposervice.hu\/index.php?rest_route=\/wp\/v2\/pages\/50\/revisions\/2084"}],"wp:attachment":[{"href":"https:\/\/toposervice.hu\/index.php?rest_route=%2Fwp%2Fv2%2Fmedia&parent=50"}],"curies":[{"name":"wp","href":"https:\/\/api.w.org\/{rel}","templated":true}]}}