{"id":51,"date":"2026-02-23T08:41:45","date_gmt":"2026-02-23T07:41:45","guid":{"rendered":"https:\/\/toposervice.hu\/?page_id=51"},"modified":"2026-03-26T09:06:24","modified_gmt":"2026-03-26T08:06:24","slug":"3d-technologia","status":"publish","type":"page","link":"https:\/\/toposervice.hu\/?page_id=51","title":{"rendered":"3D technol\u00f3gia"},"content":{"rendered":"\t\t<div data-elementor-type=\"wp-page\" data-elementor-id=\"51\" class=\"elementor elementor-51\">\n\t\t\t\t<div class=\"elementor-element elementor-element-e501fac e-flex e-con-boxed e-con e-parent\" data-id=\"e501fac\" data-element_type=\"container\" data-e-type=\"container\">\n\t\t\t\t\t<div class=\"e-con-inner\">\n\t\t\t\t<div class=\"elementor-element elementor-element-8f56bba elementor-widget elementor-widget-text-editor\" data-id=\"8f56bba\" data-element_type=\"widget\" data-e-type=\"widget\" data-widget_type=\"text-editor.default\">\n\t\t\t\t\t\t\t\t\t<h2 data-start=\"774\" data-end=\"1025\">3D Technol\u00f3gia<\/h2><p data-start=\"774\" data-end=\"1025\">A manaps\u00e1g nagyon divatos <strong>BIM<\/strong> kifejez\u00e9s elengedhetetlen eszk\u00f6zei sz \u00fagynevezett szkennerek, vagy LIDAR-ok. Seg\u00edts\u00e9g\u00fckkel gyorsan juthatunk nagy t\u00f6meg\u0171 adatokra a k\u00f6rnyezet\u00fcnkr\u0151l, legyen az k\u00fcl- vagy belt\u00e9rben. A piacon el\u00e9rhet\u0151 kis- (5-10cm), \u00e9s nagy pontoss\u00e1g\u00fa (~ 1cm) eszk\u00f6z is, melyek k\u00f6z\u00fcl a felhaszn\u00e1l\u00f3 kiv\u00e1laszthatja a neki megfelel\u0151t.<\/p>\t\t\t\t\t\t\t\t<\/div>\n\t\t\t\t<div class=\"elementor-element elementor-element-d54dc57 elementor-arrows-position-inside elementor-pagination-position-outside elementor-widget elementor-widget-image-carousel\" data-id=\"d54dc57\" data-element_type=\"widget\" data-e-type=\"widget\" data-settings=\"{&quot;autoplay_speed&quot;:3000,&quot;navigation&quot;:&quot;both&quot;,&quot;autoplay&quot;:&quot;yes&quot;,&quot;pause_on_hover&quot;:&quot;yes&quot;,&quot;pause_on_interaction&quot;:&quot;yes&quot;,&quot;infinite&quot;:&quot;yes&quot;,&quot;speed&quot;:500}\" data-widget_type=\"image-carousel.default\">\n\t\t\t\t\t\t\t<div class=\"elementor-image-carousel-wrapper swiper\" role=\"region\" aria-roledescription=\"carousel\" aria-label=\"K\u00e9p k\u00f6rhinta\" dir=\"ltr\">\n\t\t\t<div class=\"elementor-image-carousel swiper-wrapper\" aria-live=\"off\">\n\t\t\t\t\t\t\t\t<div class=\"swiper-slide\" role=\"group\" aria-roledescription=\"slide\" aria-label=\"1 \/ 5\"><figure class=\"swiper-slide-inner\"><img decoding=\"async\" class=\"swiper-slide-image\" src=\"https:\/\/toposervice.hu\/wp-content\/uploads\/2026\/03\/AA10_appl-300x169.jpg\" alt=\"AA10_appl\" \/><\/figure><\/div><div class=\"swiper-slide\" role=\"group\" aria-roledescription=\"slide\" aria-label=\"2 \/ 5\"><figure class=\"swiper-slide-inner\"><img decoding=\"async\" class=\"swiper-slide-image\" src=\"https:\/\/toposervice.hu\/wp-content\/uploads\/2026\/03\/AA15_appl-300x200.jpg\" alt=\"AA15_appl\" \/><\/figure><\/div><div class=\"swiper-slide\" role=\"group\" aria-roledescription=\"slide\" aria-label=\"3 \/ 5\"><figure class=\"swiper-slide-inner\"><img decoding=\"async\" class=\"swiper-slide-image\" src=\"https:\/\/toposervice.hu\/wp-content\/uploads\/2026\/03\/AU20_appl-1-300x200.jpg\" alt=\"AU20_appl\" \/><\/figure><\/div><div class=\"swiper-slide\" role=\"group\" aria-roledescription=\"slide\" aria-label=\"4 \/ 5\"><figure class=\"swiper-slide-inner\"><img decoding=\"async\" class=\"swiper-slide-image\" src=\"https:\/\/toposervice.hu\/wp-content\/uploads\/2026\/03\/RS7_appl-300x200.jpg\" alt=\"RS7_appl\" \/><\/figure><\/div><div class=\"swiper-slide\" role=\"group\" aria-roledescription=\"slide\" aria-label=\"5 \/ 5\"><figure class=\"swiper-slide-inner\"><img decoding=\"async\" class=\"swiper-slide-image\" src=\"https:\/\/toposervice.hu\/wp-content\/uploads\/2026\/03\/RS10_appl-300x200.jpg\" alt=\"RS10_appl\" \/><\/figure><\/div>\t\t\t<\/div>\n\t\t\t\t\t\t\t\t\t\t\t\t<div class=\"elementor-swiper-button elementor-swiper-button-prev\" role=\"button\" tabindex=\"0\">\n\t\t\t\t\t\t<svg aria-hidden=\"true\" class=\"e-font-icon-svg e-eicon-chevron-left\" viewBox=\"0 0 1000 1000\" xmlns=\"http:\/\/www.w3.org\/2000\/svg\"><path d=\"M646 125C629 125 613 133 604 142L308 442C296 454 292 471 292 487 292 504 296 521 308 533L604 854C617 867 629 875 646 875 663 875 679 871 692 858 704 846 713 829 713 812 713 796 708 779 692 767L438 487 692 225C700 217 708 204 708 187 708 171 704 154 692 142 675 129 663 125 646 125Z\"><\/path><\/svg>\t\t\t\t\t<\/div>\n\t\t\t\t\t<div class=\"elementor-swiper-button elementor-swiper-button-next\" role=\"button\" tabindex=\"0\">\n\t\t\t\t\t\t<svg aria-hidden=\"true\" class=\"e-font-icon-svg e-eicon-chevron-right\" viewBox=\"0 0 1000 1000\" xmlns=\"http:\/\/www.w3.org\/2000\/svg\"><path d=\"M696 533C708 521 713 504 713 487 713 471 708 454 696 446L400 146C388 133 375 125 354 125 338 125 325 129 313 142 300 154 292 171 292 187 292 204 296 221 308 233L563 492 304 771C292 783 288 800 288 817 288 833 296 850 308 863 321 871 338 875 354 875 371 875 388 867 400 854L696 533Z\"><\/path><\/svg>\t\t\t\t\t<\/div>\n\t\t\t\t\n\t\t\t\t\t\t\t\t\t<div class=\"swiper-pagination\"><\/div>\n\t\t\t\t\t\t\t\t\t<\/div>\n\t\t\t\t\t\t<\/div>\n\t\t\t\t\t<\/div>\n\t\t\t\t<\/div>\n\t\t<div class=\"elementor-element elementor-element-0fb144e e-grid e-con-boxed e-con e-parent\" data-id=\"0fb144e\" data-element_type=\"container\" data-e-type=\"container\">\n\t\t\t\t\t<div class=\"e-con-inner\">\n\t\t\t\t<div class=\"elementor-element elementor-element-07730b7 elementor-widget elementor-widget-image\" data-id=\"07730b7\" data-element_type=\"widget\" data-e-type=\"widget\" data-widget_type=\"image.default\">\n\t\t\t\t\t\t\t\t\t\t\t\t\t\t\t<img decoding=\"async\" width=\"150\" height=\"150\" src=\"https:\/\/toposervice.hu\/wp-content\/uploads\/2026\/03\/AA10_1-150x150.png\" class=\"attachment-thumbnail size-thumbnail wp-image-1938\" alt=\"AA10_1\" \/>\t\t\t\t\t\t\t\t\t\t\t\t\t\t\t<\/div>\n\t\t\t\t<div class=\"elementor-element elementor-element-cb86dde elementor-widget elementor-widget-text-editor\" data-id=\"cb86dde\" data-element_type=\"widget\" data-e-type=\"widget\" data-widget_type=\"text-editor.default\">\n\t\t\t\t\t\t\t\t\t<h2>CHC AA10<\/h2><p>A CHC AA10 egy kifejezetten dr\u00f3n alkalmaz\u00e1sokra fejlesztett LIDAR eszk\u00f6z, kieg\u00e9sz\u00edtve egy 45MP-es kamer\u00e1val. Seg\u00edts\u00e9g\u00e9vel mad\u00e1rt\u00e1vlatb\u00f3l tudunk nagy pontoss\u00e1g\u00fa (2-4cm) adatokat el\u0151\u00e1ll\u00edtani, ak\u00e1r n\u00f6v\u00e9nyzettel er\u0151sen bor\u00edtott helyeken is, hiszen a CHC saj\u00e1t gy\u00e1rtm\u00e1ny\u00fa LIDAR rendszere 8 visszaver\u0151d\u00e9ses (echo). S\u00falya 1.55 kg, ez\u00e9rt a CHC X500 dr\u00f3n ak\u00e1r 50 percet is k\u00e9pes a leveg\u0151ben t\u00f6lteni az AA10-el a fed\u00e9lzet\u00e9n egy akkumul\u00e1tor csomaggal.<\/p>\t\t\t\t\t\t\t\t<\/div>\n\t\t\t\t<div class=\"elementor-element elementor-element-026c5f5 elementor-align-center elementor-widget elementor-widget-button\" data-id=\"026c5f5\" data-element_type=\"widget\" data-e-type=\"widget\" data-widget_type=\"button.default\">\n\t\t\t\t\t\t\t\t\t\t<a class=\"elementor-button elementor-button-link elementor-size-sm\" href=\"https:\/\/toposervice.hu\/pdf\/AA10_HUN.pdf\" target=\"_blank\">\n\t\t\t\t\t\t<span class=\"elementor-button-content-wrapper\">\n\t\t\t\t\t\t\t\t\t<span class=\"elementor-button-text\">B\u0151vebben<\/span>\n\t\t\t\t\t<\/span>\n\t\t\t\t\t<\/a>\n\t\t\t\t\t\t\t\t<\/div>\n\t\t\t\t\t<\/div>\n\t\t\t\t<\/div>\n\t\t<div class=\"elementor-element elementor-element-3782608 e-grid e-con-boxed e-con e-parent\" data-id=\"3782608\" data-element_type=\"container\" data-e-type=\"container\">\n\t\t\t\t\t<div class=\"e-con-inner\">\n\t\t\t\t<div class=\"elementor-element elementor-element-20b06b5 elementor-widget elementor-widget-image\" data-id=\"20b06b5\" data-element_type=\"widget\" data-e-type=\"widget\" data-widget_type=\"image.default\">\n\t\t\t\t\t\t\t\t\t\t\t\t\t\t\t<img decoding=\"async\" width=\"150\" height=\"150\" src=\"https:\/\/toposervice.hu\/wp-content\/uploads\/2026\/03\/AA15-1-150x150.png\" class=\"attachment-thumbnail size-thumbnail wp-image-1945\" alt=\"AA15\" \/>\t\t\t\t\t\t\t\t\t\t\t\t\t\t\t<\/div>\n\t\t\t\t<div class=\"elementor-element elementor-element-6fbdf7c elementor-widget elementor-widget-text-editor\" data-id=\"6fbdf7c\" data-element_type=\"widget\" data-e-type=\"widget\" data-widget_type=\"text-editor.default\">\n\t\t\t\t\t\t\t\t\t<h2>CHC AA15<\/h2><p>A professzion\u00e1lis dr\u00f3n LIDAR. A param\u00e9terek \u00f6nmaguk\u00e9rt besz\u00e9lnek: 1 800m hat\u00f3t\u00e1vols\u00e1g, 2 milli\u00f3 pont m\u00e9r\u00e9se m\u00e1sodpercenk\u00e9nt, 600Hz-es IMU szenzor, 16 visszaver\u0151d\u00e9s (echo). A CHC AA15 egyed\u00fcl\u00e1ll\u00f3 tulajdons\u00e1gokkal felv\u00e9rtezett, professzion\u00e1lis l\u00e9gi adatgy\u0171jt\u0151 eszk\u00f6z. S\u00falya 2.5kg, ennek ellen\u00e9re a CHC X500 dr\u00f3n t\u00f6bb, mint 40 percet k\u00e9pes a leveg\u0151ben t\u00f6lteni az AA15-el a fed\u00e9lzet\u00e9n.<\/p>\t\t\t\t\t\t\t\t<\/div>\n\t\t\t\t<div class=\"elementor-element elementor-element-878382d elementor-align-center elementor-widget elementor-widget-button\" data-id=\"878382d\" data-element_type=\"widget\" data-e-type=\"widget\" data-widget_type=\"button.default\">\n\t\t\t\t\t\t\t\t\t\t<a class=\"elementor-button elementor-button-link elementor-size-sm\" href=\"https:\/\/toposervice.hu\/pdf\/AA15_DS_HUN.pdf\" target=\"_blank\">\n\t\t\t\t\t\t<span class=\"elementor-button-content-wrapper\">\n\t\t\t\t\t\t\t\t\t<span class=\"elementor-button-text\">B\u0151vebben<\/span>\n\t\t\t\t\t<\/span>\n\t\t\t\t\t<\/a>\n\t\t\t\t\t\t\t\t<\/div>\n\t\t\t\t\t<\/div>\n\t\t\t\t<\/div>\n\t\t<div class=\"elementor-element elementor-element-602b3e9 e-grid e-con-boxed e-con e-parent\" data-id=\"602b3e9\" data-element_type=\"container\" data-e-type=\"container\">\n\t\t\t\t\t<div class=\"e-con-inner\">\n\t\t\t\t<div class=\"elementor-element elementor-element-a743ff2 elementor-widget elementor-widget-image\" data-id=\"a743ff2\" data-element_type=\"widget\" data-e-type=\"widget\" data-widget_type=\"image.default\">\n\t\t\t\t\t\t\t\t\t\t\t\t\t\t\t<img decoding=\"async\" width=\"150\" height=\"150\" src=\"https:\/\/toposervice.hu\/wp-content\/uploads\/2026\/03\/AU20-150x150.png\" class=\"attachment-thumbnail size-thumbnail wp-image-1949\" alt=\"AU20\" \/>\t\t\t\t\t\t\t\t\t\t\t\t\t\t\t<\/div>\n\t\t\t\t<div class=\"elementor-element elementor-element-8f2d04a elementor-widget elementor-widget-text-editor\" data-id=\"8f2d04a\" data-element_type=\"widget\" data-e-type=\"widget\" data-widget_type=\"text-editor.default\">\n\t\t\t\t\t\t\t\t\t<h2>CHC AU20<\/h2><p>A CHC AU20 egy univerz\u00e1lis, b\u00e1rmilyen platformon alkalmazhat\u00f3 (dr\u00f3n, h\u00e1tizs\u00e1k, aut\u00f3, stb.), kiemelked\u0151 param\u00e9terekkel rendelkez\u0151, nagy pontoss\u00e1g\u00fa szkenner. A gy\u00e1rt\u00f3 z\u00e1szl\u00f3shaj\u00f3ja. 2 milli\u00f3 pontot m\u00e9r m\u00e1sodpercenk\u00e9nt, 1450m hat\u00f3t\u00e1vols\u00e1g\u00fa, 16 visszaver\u0151d\u00e9ses (echo) eszk\u00f6z. Az AlphaPano aut\u00f3s KIT-el alkalmazva Mobil T\u00e9rk\u00e9pez\u0151 Rendszerr\u00e9 (MMS) alak\u00edthat\u00f3, a 2.75kg-os s\u00faly\u00e1val a CHC X500 dr\u00f3n kb. 40 percet k\u00e9pes a leveg\u0151ben t\u00f6lteni egy akkumul\u00e1tor csomaggal.<\/p>\t\t\t\t\t\t\t\t<\/div>\n\t\t\t\t<div class=\"elementor-element elementor-element-f98866d elementor-align-center elementor-widget elementor-widget-button\" data-id=\"f98866d\" data-element_type=\"widget\" data-e-type=\"widget\" data-widget_type=\"button.default\">\n\t\t\t\t\t\t\t\t\t\t<a class=\"elementor-button elementor-button-link elementor-size-sm\" href=\"https:\/\/toposervice.hu\/pdf\/AlphaUni-20_HUN.pdf\" target=\"_blank\">\n\t\t\t\t\t\t<span class=\"elementor-button-content-wrapper\">\n\t\t\t\t\t\t\t\t\t<span class=\"elementor-button-text\">B\u0151vebben<\/span>\n\t\t\t\t\t<\/span>\n\t\t\t\t\t<\/a>\n\t\t\t\t\t\t\t\t<\/div>\n\t\t\t\t\t<\/div>\n\t\t\t\t<\/div>\n\t\t<div class=\"elementor-element elementor-element-5e12288 e-grid e-con-boxed e-con e-parent\" data-id=\"5e12288\" data-element_type=\"container\" data-e-type=\"container\">\n\t\t\t\t\t<div class=\"e-con-inner\">\n\t\t\t\t<div class=\"elementor-element elementor-element-62ceb4f elementor-widget elementor-widget-image\" data-id=\"62ceb4f\" data-element_type=\"widget\" data-e-type=\"widget\" data-widget_type=\"image.default\">\n\t\t\t\t\t\t\t\t\t\t\t\t\t\t\t<img loading=\"lazy\" decoding=\"async\" width=\"150\" height=\"150\" src=\"https:\/\/toposervice.hu\/wp-content\/uploads\/2026\/03\/RS10_1-150x150.png\" class=\"attachment-thumbnail size-thumbnail wp-image-1953\" alt=\"RS10_1\" \/>\t\t\t\t\t\t\t\t\t\t\t\t\t\t\t<\/div>\n\t\t\t\t<div class=\"elementor-element elementor-element-1027aa2 elementor-widget elementor-widget-text-editor\" data-id=\"1027aa2\" data-element_type=\"widget\" data-e-type=\"widget\" data-widget_type=\"text-editor.default\">\n\t\t\t\t\t\t\t\t\t<h2>CHC RS10<\/h2><p>A CHC RS10 RTK-SLAM megold\u00e1sunk egy nagy pontoss\u00e1g\u00fa, prec\u00edz LIDAR \u00e9s egy teljes \u00e9rt\u00e9k\u0171, a SLAM technol\u00f3gi\u00e1nak k\u00f6sz\u00f6nhet\u0151en egyed\u00fcl\u00e1ll\u00f3 tulajdons\u00e1gokkal felv\u00e9rtezett RTK GPS kombin\u00e1ci\u00f3ja. Az RTK GPS megl\u00e9te biztos\u00edtja k\u00fclt\u00e9rben az illeszt\u0151pontok n\u00e9lk\u00fcl is az abszol\u00fat \u00e9rtelemben 3-5cm pontos, EOV helyes pontfelh\u0151t. Ezt prec\u00edz illeszt\u0151pontokat alkalmazva 1cm k\u00f6r\u00fcli megb\u00edzhat\u00f3s\u00e1gra cs\u00f6kkenthetj\u00fck. K\u00fcl- \u00e9s belt\u00e9rben egyar\u00e1nt haszn\u00e1lhat\u00f3.<\/p>\t\t\t\t\t\t\t\t<\/div>\n\t\t\t\t<div class=\"elementor-element elementor-element-e550921 elementor-align-center elementor-widget elementor-widget-button\" data-id=\"e550921\" data-element_type=\"widget\" data-e-type=\"widget\" data-widget_type=\"button.default\">\n\t\t\t\t\t\t\t\t\t\t<a class=\"elementor-button elementor-button-link elementor-size-sm\" href=\"https:\/\/toposervice.hu\/pdf\/RS10_DS_HUN.pdf\" target=\"_blank\">\n\t\t\t\t\t\t<span class=\"elementor-button-content-wrapper\">\n\t\t\t\t\t\t\t\t\t<span class=\"elementor-button-text\">B\u0151vebben<\/span>\n\t\t\t\t\t<\/span>\n\t\t\t\t\t<\/a>\n\t\t\t\t\t\t\t\t<\/div>\n\t\t\t\t\t<\/div>\n\t\t\t\t<\/div>\n\t\t<div class=\"elementor-element elementor-element-39726ef e-grid e-con-boxed e-con e-parent\" data-id=\"39726ef\" data-element_type=\"container\" data-e-type=\"container\">\n\t\t\t\t\t<div class=\"e-con-inner\">\n\t\t\t\t<div class=\"elementor-element elementor-element-ba603d9 elementor-widget elementor-widget-image\" data-id=\"ba603d9\" data-element_type=\"widget\" data-e-type=\"widget\" data-widget_type=\"image.default\">\n\t\t\t\t\t\t\t\t\t\t\t\t\t\t\t<img loading=\"lazy\" decoding=\"async\" width=\"150\" height=\"150\" src=\"https:\/\/toposervice.hu\/wp-content\/uploads\/2026\/03\/RS7-150x150.png\" class=\"attachment-thumbnail size-thumbnail wp-image-1957\" alt=\"RS7\" \/>\t\t\t\t\t\t\t\t\t\t\t\t\t\t\t<\/div>\n\t\t\t\t<div class=\"elementor-element elementor-element-c1e7580 elementor-widget elementor-widget-text-editor\" data-id=\"c1e7580\" data-element_type=\"widget\" data-e-type=\"widget\" data-widget_type=\"text-editor.default\">\n\t\t\t\t\t\t\t\t\t<h2>CHC RS7<\/h2><p>A CHC RS7 SLAM 2026. \u00e9v elej\u00e9n bemutatott, kiemelked\u0151 teljes\u00edtm\u00e9ny\u0171, kompakt m\u00e9ret\u0171, nagyon j\u00f3 \u00e1r-\u00e9rt\u00e9k ar\u00e1ny\u00fa LIDAR. A nagy pontoss\u00e1g\u00fa INS \u00e9s IMU szenzorok, valamint a SLAM technol\u00f3gia egyes\u00edt\u00e9s\u00e9vel stabil mozg\u00e1sk\u00f6vet\u00e9st biztos\u00edt a r\u00e9szletszeg\u00e9ny k\u00f6rnyezetben is. Ak\u00e1r 1.15 milli\u00f3 pontot k\u00e9pes gy\u0171jteni m\u00e1sodpercenk\u00e9nt, a LIDAR l\u00e1t\u00f3mez\u0151 ultrasz\u00e9les, 360\u00b0 X 189\u00b0. Ezekkel a param\u00e9terekkel kiemelkedik a SLAM eszk\u00f6z\u00f6k k\u00f6z\u00f6tt. K\u00fcl- \u00e9s belt\u00e9rben egyar\u00e1nt haszn\u00e1lhat\u00f3.<\/p>\t\t\t\t\t\t\t\t<\/div>\n\t\t\t\t<div class=\"elementor-element elementor-element-48e16c2 elementor-align-center elementor-widget elementor-widget-button\" data-id=\"48e16c2\" data-element_type=\"widget\" data-e-type=\"widget\" data-widget_type=\"button.default\">\n\t\t\t\t\t\t\t\t\t\t<a class=\"elementor-button elementor-button-link elementor-size-sm\" href=\"https:\/\/toposervice.hu\/pdf\/RS-7_HUN.pdf\" target=\"_blank\">\n\t\t\t\t\t\t<span class=\"elementor-button-content-wrapper\">\n\t\t\t\t\t\t\t\t\t<span class=\"elementor-button-text\">B\u0151vebben<\/span>\n\t\t\t\t\t<\/span>\n\t\t\t\t\t<\/a>\n\t\t\t\t\t\t\t\t<\/div>\n\t\t\t\t\t<\/div>\n\t\t\t\t<\/div>\n\t\t\t\t<\/div>\n\t\t","protected":false},"excerpt":{"rendered":"<p>3D Technol\u00f3gia A manaps\u00e1g nagyon divatos BIM kifejez\u00e9s elengedhetetlen eszk\u00f6zei sz \u00fagynevezett szkennerek, vagy LIDAR-ok. Seg\u00edts\u00e9g\u00fckkel gyorsan juthatunk nagy t\u00f6meg\u0171 [&hellip;]<\/p>\n","protected":false},"author":1,"featured_media":0,"parent":0,"menu_order":0,"comment_status":"closed","ping_status":"closed","template":"","meta":{"site-sidebar-layout":"no-sidebar","site-content-layout":"","ast-site-content-layout":"full-width-container","site-content-style":"default","site-sidebar-style":"default","ast-global-header-display":"","ast-banner-title-visibility":"","ast-main-header-display":"","ast-hfb-above-header-display":"","ast-hfb-below-header-display":"","ast-hfb-mobile-header-display":"","site-post-title":"disabled","ast-breadcrumbs-content":"","ast-featured-img":"disabled","footer-sml-layout":"","ast-disable-related-posts":"","theme-transparent-header-meta":"","adv-header-id-meta":"","stick-header-meta":"","header-above-stick-meta":"","header-main-stick-meta":"","header-below-stick-meta":"","astra-migrate-meta-layouts":"default","ast-page-background-enabled":"default","ast-page-background-meta":{"desktop":{"background-color":"var(--ast-global-color-5)","background-image":"","background-repeat":"repeat","background-position":"center center","background-size":"auto","background-attachment":"scroll","background-type":"","background-media":"","overlay-type":"","overlay-color":"","overlay-opacity":"","overlay-gradient":""},"tablet":{"background-color":"","background-image":"","background-repeat":"repeat","background-position":"center center","background-size":"auto","background-attachment":"scroll","background-type":"","background-media":"","overlay-type":"","overlay-color":"","overlay-opacity":"","overlay-gradient":""},"mobile":{"background-color":"","background-image":"","background-repeat":"repeat","background-position":"center center","background-size":"auto","background-attachment":"scroll","background-type":"","background-media":"","overlay-type":"","overlay-color":"","overlay-opacity":"","overlay-gradient":""}},"ast-content-background-meta":{"desktop":{"background-color":"var(--ast-global-color-4)","background-image":"","background-repeat":"repeat","background-position":"center center","background-size":"auto","background-attachment":"scroll","background-type":"","background-media":"","overlay-type":"","overlay-color":"","overlay-opacity":"","overlay-gradient":""},"tablet":{"background-color":"var(--ast-global-color-4)","background-image":"","background-repeat":"repeat","background-position":"center center","background-size":"auto","background-attachment":"scroll","background-type":"","background-media":"","overlay-type":"","overlay-color":"","overlay-opacity":"","overlay-gradient":""},"mobile":{"background-color":"var(--ast-global-color-4)","background-image":"","background-repeat":"repeat","background-position":"center center","background-size":"auto","background-attachment":"scroll","background-type":"","background-media":"","overlay-type":"","overlay-color":"","overlay-opacity":"","overlay-gradient":""}},"footnotes":""},"class_list":["post-51","page","type-page","status-publish","hentry"],"_links":{"self":[{"href":"https:\/\/toposervice.hu\/index.php?rest_route=\/wp\/v2\/pages\/51","targetHints":{"allow":["GET"]}}],"collection":[{"href":"https:\/\/toposervice.hu\/index.php?rest_route=\/wp\/v2\/pages"}],"about":[{"href":"https:\/\/toposervice.hu\/index.php?rest_route=\/wp\/v2\/types\/page"}],"author":[{"embeddable":true,"href":"https:\/\/toposervice.hu\/index.php?rest_route=\/wp\/v2\/users\/1"}],"replies":[{"embeddable":true,"href":"https:\/\/toposervice.hu\/index.php?rest_route=%2Fwp%2Fv2%2Fcomments&post=51"}],"version-history":[{"count":62,"href":"https:\/\/toposervice.hu\/index.php?rest_route=\/wp\/v2\/pages\/51\/revisions"}],"predecessor-version":[{"id":2066,"href":"https:\/\/toposervice.hu\/index.php?rest_route=\/wp\/v2\/pages\/51\/revisions\/2066"}],"wp:attachment":[{"href":"https:\/\/toposervice.hu\/index.php?rest_route=%2Fwp%2Fv2%2Fmedia&parent=51"}],"curies":[{"name":"wp","href":"https:\/\/api.w.org\/{rel}","templated":true}]}}