{"id":52,"date":"2026-02-23T08:41:45","date_gmt":"2026-02-23T07:41:45","guid":{"rendered":"https:\/\/toposervice.hu\/?page_id=52"},"modified":"2026-03-26T09:11:19","modified_gmt":"2026-03-26T08:11:19","slug":"mederfelmeres","status":"publish","type":"page","link":"https:\/\/toposervice.hu\/?page_id=52","title":{"rendered":"Mederfelm\u00e9r\u00e9s"},"content":{"rendered":"\t\t<div data-elementor-type=\"wp-page\" data-elementor-id=\"52\" class=\"elementor elementor-52\">\n\t\t\t\t<div class=\"elementor-element elementor-element-c446adc e-flex e-con-boxed e-con e-parent\" data-id=\"c446adc\" data-element_type=\"container\" data-e-type=\"container\">\n\t\t\t\t\t<div class=\"e-con-inner\">\n\t\t\t\t<div class=\"elementor-element elementor-element-d2056f6 elementor-widget elementor-widget-text-editor\" data-id=\"d2056f6\" data-element_type=\"widget\" data-e-type=\"widget\" data-widget_type=\"text-editor.default\">\n\t\t\t\t\t\t\t\t\t<h2>Mederfelm\u00e9r\u00e9s<\/h2><p>A CHC Navigation piacvezet\u0151k k\u00f6z\u00f6tt van mederfelm\u00e9r\u0151 eszk\u00f6z\u00f6k ter\u00fclet\u00e9n. Kompakt \u00e9s er\u0151s v\u00edzi dr\u00f3njai m\u00e1r Magyarorsz\u00e1gon is bizony\u00edtottak. Saj\u00e1t fejleszt\u00e9s\u0171 Hydro Survey m\u00e9r\u00e9si \u00e9s feldolgoz\u00f3 szoftvere minden ig\u00e9nyt kiel\u00e9g\u00edt. HQ-400 Multi Beam szon\u00e1rjuk kuri\u00f3zum a piacon.<\/p>\t\t\t\t\t\t\t\t<\/div>\n\t\t\t\t\t<\/div>\n\t\t\t\t<\/div>\n\t\t<div class=\"elementor-element elementor-element-a534506 e-flex e-con-boxed e-con e-parent\" data-id=\"a534506\" data-element_type=\"container\" data-e-type=\"container\">\n\t\t\t\t\t<div class=\"e-con-inner\">\n\t\t\t\t<div class=\"elementor-element elementor-element-2cf2989 elementor-arrows-position-inside elementor-pagination-position-outside elementor-widget elementor-widget-image-carousel\" data-id=\"2cf2989\" data-element_type=\"widget\" data-e-type=\"widget\" data-settings=\"{&quot;autoplay_speed&quot;:3000,&quot;slides_to_show&quot;:&quot;2&quot;,&quot;navigation&quot;:&quot;both&quot;,&quot;autoplay&quot;:&quot;yes&quot;,&quot;pause_on_hover&quot;:&quot;yes&quot;,&quot;pause_on_interaction&quot;:&quot;yes&quot;,&quot;infinite&quot;:&quot;yes&quot;,&quot;speed&quot;:500}\" data-widget_type=\"image-carousel.default\">\n\t\t\t\t\t\t\t<div class=\"elementor-image-carousel-wrapper swiper\" role=\"region\" aria-roledescription=\"carousel\" aria-label=\"K\u00e9p k\u00f6rhinta\" dir=\"ltr\">\n\t\t\t<div class=\"elementor-image-carousel swiper-wrapper\" aria-live=\"off\">\n\t\t\t\t\t\t\t\t<div class=\"swiper-slide\" role=\"group\" aria-roledescription=\"slide\" aria-label=\"1 \/ 3\"><figure class=\"swiper-slide-inner\"><img decoding=\"async\" class=\"swiper-slide-image\" src=\"https:\/\/toposervice.hu\/wp-content\/uploads\/2026\/03\/APACHE-4-Pro_application-300x225.jpg\" alt=\"APACHE 4 Pro_application\" \/><\/figure><\/div><div class=\"swiper-slide\" role=\"group\" aria-roledescription=\"slide\" aria-label=\"2 \/ 3\"><figure class=\"swiper-slide-inner\"><img decoding=\"async\" class=\"swiper-slide-image\" src=\"https:\/\/toposervice.hu\/wp-content\/uploads\/2026\/03\/Apache3Pro_application-300x200.jpg\" alt=\"Apache3Pro_application\" \/><\/figure><\/div><div class=\"swiper-slide\" role=\"group\" aria-roledescription=\"slide\" aria-label=\"3 \/ 3\"><figure class=\"swiper-slide-inner\"><img decoding=\"async\" class=\"swiper-slide-image\" src=\"https:\/\/toposervice.hu\/wp-content\/uploads\/2026\/03\/HQ400_application-300x147.jpg\" alt=\"HQ400_application\" \/><\/figure><\/div>\t\t\t<\/div>\n\t\t\t\t\t\t\t\t\t\t\t\t<div class=\"elementor-swiper-button elementor-swiper-button-prev\" role=\"button\" tabindex=\"0\">\n\t\t\t\t\t\t<svg aria-hidden=\"true\" class=\"e-font-icon-svg e-eicon-chevron-left\" viewBox=\"0 0 1000 1000\" xmlns=\"http:\/\/www.w3.org\/2000\/svg\"><path d=\"M646 125C629 125 613 133 604 142L308 442C296 454 292 471 292 487 292 504 296 521 308 533L604 854C617 867 629 875 646 875 663 875 679 871 692 858 704 846 713 829 713 812 713 796 708 779 692 767L438 487 692 225C700 217 708 204 708 187 708 171 704 154 692 142 675 129 663 125 646 125Z\"><\/path><\/svg>\t\t\t\t\t<\/div>\n\t\t\t\t\t<div class=\"elementor-swiper-button elementor-swiper-button-next\" role=\"button\" tabindex=\"0\">\n\t\t\t\t\t\t<svg aria-hidden=\"true\" class=\"e-font-icon-svg e-eicon-chevron-right\" viewBox=\"0 0 1000 1000\" xmlns=\"http:\/\/www.w3.org\/2000\/svg\"><path d=\"M696 533C708 521 713 504 713 487 713 471 708 454 696 446L400 146C388 133 375 125 354 125 338 125 325 129 313 142 300 154 292 171 292 187 292 204 296 221 308 233L563 492 304 771C292 783 288 800 288 817 288 833 296 850 308 863 321 871 338 875 354 875 371 875 388 867 400 854L696 533Z\"><\/path><\/svg>\t\t\t\t\t<\/div>\n\t\t\t\t\n\t\t\t\t\t\t\t\t\t<div class=\"swiper-pagination\"><\/div>\n\t\t\t\t\t\t\t\t\t<\/div>\n\t\t\t\t\t\t<\/div>\n\t\t\t\t\t<\/div>\n\t\t\t\t<\/div>\n\t\t<div class=\"elementor-element elementor-element-7e46b10 e-grid e-con-boxed e-con e-parent\" data-id=\"7e46b10\" data-element_type=\"container\" data-e-type=\"container\">\n\t\t\t\t\t<div class=\"e-con-inner\">\n\t\t\t\t<div class=\"elementor-element elementor-element-89bc228 elementor-widget elementor-widget-image\" data-id=\"89bc228\" data-element_type=\"widget\" data-e-type=\"widget\" data-widget_type=\"image.default\">\n\t\t\t\t\t\t\t\t\t\t\t\t\t\t\t<img decoding=\"async\" width=\"150\" height=\"150\" src=\"https:\/\/toposervice.hu\/wp-content\/uploads\/2026\/03\/Apache3Pro-1-150x150.png\" class=\"attachment-thumbnail size-thumbnail wp-image-1967\" alt=\"Apache3Pro\" \/>\t\t\t\t\t\t\t\t\t\t\t\t\t\t\t<\/div>\n\t\t\t\t<div class=\"elementor-element elementor-element-07f7afc elementor-widget elementor-widget-text-editor\" data-id=\"07f7afc\" data-element_type=\"widget\" data-e-type=\"widget\" data-widget_type=\"text-editor.default\">\n\t\t\t\t\t\t\t\t\t<h2>CHC Apache 3 Pro<\/h2><p>A CHC Apache 3 Pro dr\u00f3nhaj\u00f3 egy kis m\u00e9ret\u0171, robosztus, high-tech megold\u00e1s\u00fa egyfrekvenci\u00e1s mederfelm\u00e9r\u0151 rendszer. Be\u00e9p\u00edtett RTK GPS-szel, IMU szenzorral, 4G \u00e9s UHF modemmel rendelkezik. T\u00e1vir\u00e1ny\u00edt\u00f3ja 10.1\u201d-os, t\u0171\u00e9les k\u00e9perny\u0151vel rendelkezik, minden m\u00e9r\u00e9shez \u00e9s feldolgoz\u00e1shoz sz\u00fcks\u00e9ges szoftver el\u00e9rhet\u0151 rajta.<\/p>\t\t\t\t\t\t\t\t<\/div>\n\t\t\t\t<div class=\"elementor-element elementor-element-939fadd elementor-align-center elementor-widget elementor-widget-button\" data-id=\"939fadd\" data-element_type=\"widget\" data-e-type=\"widget\" data-widget_type=\"button.default\">\n\t\t\t\t\t\t\t\t\t\t<a class=\"elementor-button elementor-button-link elementor-size-sm\" href=\"https:\/\/toposervice.hu\/pdf\/APACHE%203%20PRO_HUN.pdf\" target=\"_blank\">\n\t\t\t\t\t\t<span class=\"elementor-button-content-wrapper\">\n\t\t\t\t\t\t\t\t\t<span class=\"elementor-button-text\">B\u0151vebben<\/span>\n\t\t\t\t\t<\/span>\n\t\t\t\t\t<\/a>\n\t\t\t\t\t\t\t\t<\/div>\n\t\t\t\t\t<\/div>\n\t\t\t\t<\/div>\n\t\t<div class=\"elementor-element elementor-element-f33dc27 e-grid e-con-boxed e-con e-parent\" data-id=\"f33dc27\" data-element_type=\"container\" data-e-type=\"container\">\n\t\t\t\t\t<div class=\"e-con-inner\">\n\t\t\t\t<div class=\"elementor-element elementor-element-6ed067a elementor-widget elementor-widget-image\" data-id=\"6ed067a\" data-element_type=\"widget\" data-e-type=\"widget\" data-widget_type=\"image.default\">\n\t\t\t\t\t\t\t\t\t\t\t\t\t\t\t<img decoding=\"async\" width=\"150\" height=\"150\" src=\"https:\/\/toposervice.hu\/wp-content\/uploads\/2026\/03\/Apache-4PRo-1-150x150.png\" class=\"attachment-thumbnail size-thumbnail wp-image-1974\" alt=\"Apache 4PRo\" \/>\t\t\t\t\t\t\t\t\t\t\t\t\t\t\t<\/div>\n\t\t\t\t<div class=\"elementor-element elementor-element-40a39cb elementor-widget elementor-widget-text-editor\" data-id=\"40a39cb\" data-element_type=\"widget\" data-e-type=\"widget\" data-widget_type=\"text-editor.default\">\n\t\t\t\t\t\t\t\t\t<h2>CHC Apache 4<\/h2><p>A CHC Apache 4 dr\u00f3nhaj\u00f3 egy multifunkcion\u00e1lis megold\u00e1s. Az integr\u00e1lt egyfrekvenci\u00e1s szon\u00e1r mellett lehet\u0151s\u00e9g\u00fcnk van m\u00e1s v\u00edzm\u00e9r\u00e9si szenzorok alkalmaz\u00e1s\u00e1ra, legyen az ADCP vagy Multi Beam szon\u00e1r.<\/p>\t\t\t\t\t\t\t\t<\/div>\n\t\t\t\t<div class=\"elementor-element elementor-element-4234ffd elementor-align-center elementor-widget elementor-widget-button\" data-id=\"4234ffd\" data-element_type=\"widget\" data-e-type=\"widget\" data-widget_type=\"button.default\">\n\t\t\t\t\t\t\t\t\t\t<a class=\"elementor-button elementor-button-link elementor-size-sm\" href=\"https:\/\/toposervice.hu\/pdf\/APACHE%204_DS_HUN.pdf\" target=\"_blank\">\n\t\t\t\t\t\t<span class=\"elementor-button-content-wrapper\">\n\t\t\t\t\t\t\t\t\t<span class=\"elementor-button-text\">B\u0151vebben<\/span>\n\t\t\t\t\t<\/span>\n\t\t\t\t\t<\/a>\n\t\t\t\t\t\t\t\t<\/div>\n\t\t\t\t\t<\/div>\n\t\t\t\t<\/div>\n\t\t<div class=\"elementor-element elementor-element-cfe9aee e-grid e-con-boxed e-con e-parent\" data-id=\"cfe9aee\" data-element_type=\"container\" data-e-type=\"container\">\n\t\t\t\t\t<div class=\"e-con-inner\">\n\t\t\t\t<div class=\"elementor-element elementor-element-dafb15b elementor-widget elementor-widget-image\" data-id=\"dafb15b\" data-element_type=\"widget\" data-e-type=\"widget\" data-widget_type=\"image.default\">\n\t\t\t\t\t\t\t\t\t\t\t\t\t\t\t<img decoding=\"async\" width=\"150\" height=\"150\" src=\"https:\/\/toposervice.hu\/wp-content\/uploads\/2026\/03\/d390-150x150.jpg\" class=\"attachment-thumbnail size-thumbnail wp-image-1979\" alt=\"d390\" \/>\t\t\t\t\t\t\t\t\t\t\t\t\t\t\t<\/div>\n\t\t\t\t<div class=\"elementor-element elementor-element-bb6619d elementor-widget elementor-widget-text-editor\" data-id=\"bb6619d\" data-element_type=\"widget\" data-e-type=\"widget\" data-widget_type=\"text-editor.default\">\n\t\t\t\t\t\t\t\t\t<h2>D390<\/h2><p>Egyfrekvenci\u00e1s szon\u00e1r, melyet minden olyan RTK GPS-el lehet p\u00e1ros\u00edtani, amely WiFi kapcsolatra \u00e9s RINEX adat\u00e1tvitelre k\u00e9pes.<\/p>\t\t\t\t\t\t\t\t<\/div>\n\t\t\t\t<div class=\"elementor-element elementor-element-7a6a483 elementor-align-center elementor-widget elementor-widget-button\" data-id=\"7a6a483\" data-element_type=\"widget\" data-e-type=\"widget\" data-widget_type=\"button.default\">\n\t\t\t\t\t\t\t\t\t\t<a class=\"elementor-button elementor-button-link elementor-size-sm\" href=\"https:\/\/toposervice.hu\/pdf\/D390_DS_HUN.pdf\" target=\"_blank\">\n\t\t\t\t\t\t<span class=\"elementor-button-content-wrapper\">\n\t\t\t\t\t\t\t\t\t<span class=\"elementor-button-text\">B\u0151vebben<\/span>\n\t\t\t\t\t<\/span>\n\t\t\t\t\t<\/a>\n\t\t\t\t\t\t\t\t<\/div>\n\t\t\t\t\t<\/div>\n\t\t\t\t<\/div>\n\t\t<div class=\"elementor-element elementor-element-81e932f e-grid e-con-boxed e-con e-parent\" data-id=\"81e932f\" data-element_type=\"container\" data-e-type=\"container\">\n\t\t\t\t\t<div class=\"e-con-inner\">\n\t\t\t\t<div class=\"elementor-element elementor-element-659a233 elementor-widget elementor-widget-image\" data-id=\"659a233\" data-element_type=\"widget\" data-e-type=\"widget\" data-widget_type=\"image.default\">\n\t\t\t\t\t\t\t\t\t\t\t\t\t\t\t<img loading=\"lazy\" decoding=\"async\" width=\"150\" height=\"150\" src=\"https:\/\/toposervice.hu\/wp-content\/uploads\/2026\/03\/HQ400-150x150.png\" class=\"attachment-thumbnail size-thumbnail wp-image-1980\" alt=\"HQ400\" srcset=\"https:\/\/toposervice.hu\/wp-content\/uploads\/2026\/03\/HQ400-150x150.png 150w, https:\/\/toposervice.hu\/wp-content\/uploads\/2026\/03\/HQ400-300x300.png 300w, https:\/\/toposervice.hu\/wp-content\/uploads\/2026\/03\/HQ400-1024x1024.png 1024w, https:\/\/toposervice.hu\/wp-content\/uploads\/2026\/03\/HQ400-768x768.png 768w, https:\/\/toposervice.hu\/wp-content\/uploads\/2026\/03\/HQ400-1536x1536.png 1536w, https:\/\/toposervice.hu\/wp-content\/uploads\/2026\/03\/HQ400-2048x2048.png 2048w\" sizes=\"(max-width: 150px) 100vw, 150px\" \/>\t\t\t\t\t\t\t\t\t\t\t\t\t\t\t<\/div>\n\t\t\t\t<div class=\"elementor-element elementor-element-94cce9c elementor-widget elementor-widget-text-editor\" data-id=\"94cce9c\" data-element_type=\"widget\" data-e-type=\"widget\" data-widget_type=\"text-editor.default\">\n\t\t\t\t\t\t\t\t\t<h2>CHC HQ-400<\/h2><p>A CHC HQ-400 egy multifrekvenci\u00e1s m\u00e9lys\u00e9gm\u00e9r\u0151 eszk\u00f6z. Kompakt m\u00e9ret\u00e9nek k\u00f6sz\u00f6nhet\u0151en kiv\u00e1l\u00f3an alkalmazhat\u00f3 az Apache 4 dr\u00f3nhaj\u00f3val.<\/p>\t\t\t\t\t\t\t\t<\/div>\n\t\t\t\t<div class=\"elementor-element elementor-element-212e5c8 elementor-align-center elementor-widget elementor-widget-button\" data-id=\"212e5c8\" data-element_type=\"widget\" data-e-type=\"widget\" data-widget_type=\"button.default\">\n\t\t\t\t\t\t\t\t\t\t<a class=\"elementor-button elementor-button-link elementor-size-sm\" href=\"https:\/\/toposervice.hu\/pdf\/HQ-400_DS_HUN.pdf\" target=\"_blank\">\n\t\t\t\t\t\t<span class=\"elementor-button-content-wrapper\">\n\t\t\t\t\t\t\t\t\t<span class=\"elementor-button-text\">B\u0151vebben<\/span>\n\t\t\t\t\t<\/span>\n\t\t\t\t\t<\/a>\n\t\t\t\t\t\t\t\t<\/div>\n\t\t\t\t\t<\/div>\n\t\t\t\t<\/div>\n\t\t\t\t<\/div>\n\t\t","protected":false},"excerpt":{"rendered":"<p>Mederfelm\u00e9r\u00e9s A CHC Navigation piacvezet\u0151k k\u00f6z\u00f6tt van mederfelm\u00e9r\u0151 eszk\u00f6z\u00f6k ter\u00fclet\u00e9n. Kompakt \u00e9s er\u0151s v\u00edzi dr\u00f3njai m\u00e1r Magyarorsz\u00e1gon is bizony\u00edtottak. Saj\u00e1t [&hellip;]<\/p>\n","protected":false},"author":1,"featured_media":0,"parent":0,"menu_order":0,"comment_status":"closed","ping_status":"closed","template":"","meta":{"site-sidebar-layout":"no-sidebar","site-content-layout":"","ast-site-content-layout":"full-width-container","site-content-style":"default","site-sidebar-style":"default","ast-global-header-display":"","ast-banner-title-visibility":"","ast-main-header-display":"","ast-hfb-above-header-display":"","ast-hfb-below-header-display":"","ast-hfb-mobile-header-display":"","site-post-title":"disabled","ast-breadcrumbs-content":"","ast-featured-img":"disabled","footer-sml-layout":"","ast-disable-related-posts":"","theme-transparent-header-meta":"","adv-header-id-meta":"","stick-header-meta":"","header-above-stick-meta":"","header-main-stick-meta":"","header-below-stick-meta":"","astra-migrate-meta-layouts":"default","ast-page-background-enabled":"default","ast-page-background-meta":{"desktop":{"background-color":"var(--ast-global-color-5)","background-image":"","background-repeat":"repeat","background-position":"center center","background-size":"auto","background-attachment":"scroll","background-type":"","background-media":"","overlay-type":"","overlay-color":"","overlay-opacity":"","overlay-gradient":""},"tablet":{"background-color":"","background-image":"","background-repeat":"repeat","background-position":"center center","background-size":"auto","background-attachment":"scroll","background-type":"","background-media":"","overlay-type":"","overlay-color":"","overlay-opacity":"","overlay-gradient":""},"mobile":{"background-color":"","background-image":"","background-repeat":"repeat","background-position":"center center","background-size":"auto","background-attachment":"scroll","background-type":"","background-media":"","overlay-type":"","overlay-color":"","overlay-opacity":"","overlay-gradient":""}},"ast-content-background-meta":{"desktop":{"background-color":"var(--ast-global-color-4)","background-image":"","background-repeat":"repeat","background-position":"center center","background-size":"auto","background-attachment":"scroll","background-type":"","background-media":"","overlay-type":"","overlay-color":"","overlay-opacity":"","overlay-gradient":""},"tablet":{"background-color":"var(--ast-global-color-4)","background-image":"","background-repeat":"repeat","background-position":"center center","background-size":"auto","background-attachment":"scroll","background-type":"","background-media":"","overlay-type":"","overlay-color":"","overlay-opacity":"","overlay-gradient":""},"mobile":{"background-color":"var(--ast-global-color-4)","background-image":"","background-repeat":"repeat","background-position":"center center","background-size":"auto","background-attachment":"scroll","background-type":"","background-media":"","overlay-type":"","overlay-color":"","overlay-opacity":"","overlay-gradient":""}},"footnotes":""},"class_list":["post-52","page","type-page","status-publish","hentry"],"_links":{"self":[{"href":"https:\/\/toposervice.hu\/index.php?rest_route=\/wp\/v2\/pages\/52","targetHints":{"allow":["GET"]}}],"collection":[{"href":"https:\/\/toposervice.hu\/index.php?rest_route=\/wp\/v2\/pages"}],"about":[{"href":"https:\/\/toposervice.hu\/index.php?rest_route=\/wp\/v2\/types\/page"}],"author":[{"embeddable":true,"href":"https:\/\/toposervice.hu\/index.php?rest_route=\/wp\/v2\/users\/1"}],"replies":[{"embeddable":true,"href":"https:\/\/toposervice.hu\/index.php?rest_route=%2Fwp%2Fv2%2Fcomments&post=52"}],"version-history":[{"count":53,"href":"https:\/\/toposervice.hu\/index.php?rest_route=\/wp\/v2\/pages\/52\/revisions"}],"predecessor-version":[{"id":2081,"href":"https:\/\/toposervice.hu\/index.php?rest_route=\/wp\/v2\/pages\/52\/revisions\/2081"}],"wp:attachment":[{"href":"https:\/\/toposervice.hu\/index.php?rest_route=%2Fwp%2Fv2%2Fmedia&parent=52"}],"curies":[{"name":"wp","href":"https:\/\/api.w.org\/{rel}","templated":true}]}}