{"id":522,"date":"2026-02-23T12:05:06","date_gmt":"2026-02-23T11:05:06","guid":{"rendered":"https:\/\/toposervice.hu\/?page_id=522"},"modified":"2026-03-24T11:03:29","modified_gmt":"2026-03-24T10:03:29","slug":"ookie-tajekoztato","status":"publish","type":"page","link":"https:\/\/toposervice.hu\/?page_id=522","title":{"rendered":"ookie t\u00e1j\u00e9koztat\u00f3"},"content":{"rendered":"\t\t<div data-elementor-type=\"wp-page\" data-elementor-id=\"522\" class=\"elementor elementor-522\">\n\t\t\t\t<div class=\"elementor-element elementor-element-6737665 e-flex e-con-boxed e-con e-parent\" data-id=\"6737665\" data-element_type=\"container\" data-e-type=\"container\">\n\t\t\t\t\t<div class=\"e-con-inner\">\n\t\t\t\t<div class=\"elementor-element elementor-element-4c9c0c0 elementor-widget elementor-widget-text-editor\" data-id=\"4c9c0c0\" data-element_type=\"widget\" data-e-type=\"widget\" data-widget_type=\"text-editor.default\">\n\t\t\t\t\t\t\t\t\t<p>S\u00fctikezel\u00e9si szab\u00e1lyzat \u00c9rv\u00e9nyes: 2026. m\u00e1rcius 24. Utols\u00f3 friss\u00edt\u00e9s: 2026. m\u00e1rcius 24.<\/p><p>Mi is az a s\u00fcti? Ez a s\u00fctikezel\u00e9si szab\u00e1lyzat magyar\u00e1zza el, hogy mi az a s\u00fcti, \u00e9s hogyan haszn\u00e1ljuk azokat, milyen t\u00edpus\u00fa s\u00fctiket haszn\u00e1lunk (azaz milyen inform\u00e1ci\u00f3kat gy\u0171jt\u00fcnk s\u00fctik seg\u00edts\u00e9g\u00e9vel, \u00e9s hogyan haszn\u00e1ljuk ezeket az inform\u00e1ci\u00f3kat), valamint hogyan lehet kezelni a s\u00fctibe\u00e1ll\u00edt\u00e1sokat.<\/p><p>A s\u00fctik kis sz\u00f6vegf\u00e1jlok, amelyeket kis inform\u00e1ci\u00f3s darabok t\u00e1rol\u00e1s\u00e1ra haszn\u00e1lnak. Az eszk\u00f6z\u00e9n t\u00e1rol\u00f3dnak, amikor a weboldal bet\u00f6lt\u0151dik a b\u00f6ng\u00e9sz\u0151j\u00e9ben. Ezek a s\u00fctik seg\u00edtenek nek\u00fcnk abban, hogy a weboldal megfelel\u0151en m\u0171k\u00f6dj\u00f6n, biztons\u00e1gosabb legyen, jobb felhaszn\u00e1l\u00f3i \u00e9lm\u00e9nyt ny\u00fajtson, \u00e9s meg\u00e9rts\u00fck, hogyan teljes\u00edt a weboldal, valamint hogy elemz\u00e9sekkel m\u00e9rj\u00fck, mi m\u0171k\u00f6dik \u00e9s hol van sz\u00fcks\u00e9g fejleszt\u00e9sre.<\/p><p>Hogyan haszn\u00e1ljuk a s\u00fctiket? Mint a legt\u00f6bb online szolg\u00e1ltat\u00e1s, weboldalunk is els\u0151dleges \u00e9s harmadik f\u00e9l \u00e1ltal haszn\u00e1lt s\u00fctiket haszn\u00e1l k\u00fcl\u00f6nb\u00f6z\u0151 c\u00e9lokra. Az els\u0151dleges s\u00fctik \u00e1ltal\u00e1ban sz\u00fcks\u00e9gesek ahhoz, hogy a weboldal megfelel\u0151en m\u0171k\u00f6dj\u00f6n, \u00e9s nem gy\u0171jtenek \u00f6ssze szem\u00e9lyes azonos\u00edt\u00e1sra alkalmas adatokat.<\/p><p>Weboldalunkon haszn\u00e1lt harmadik f\u00e9l \u00e1ltal haszn\u00e1lt s\u00fctik f\u0151k\u00e9nt arra szolg\u00e1lnak, hogy meg\u00e9rts\u00fck, hogyan teljes\u00edt a weboldal, hogyan interakcion\u00e1lsz a weboldalunkkal, hogyan tartjuk biztons\u00e1gosan a szolg\u00e1ltat\u00e1sainkat, hogyan szolg\u00e1ltathatunk relev\u00e1ns hirdet\u00e9seket neked, \u00e9s mindenekel\u0151tt hogy jobb \u00e9s fejlettebb felhaszn\u00e1l\u00f3i \u00e9lm\u00e9nyt ny\u00fajthassunk neked, \u00e9s seg\u00edts\u00fcnk felgyors\u00edtani a j\u00f6v\u0151beli interakci\u00f3idat weboldalunkkal.<\/p><p>S\u00fctik t\u00edpusai, amelyeket haszn\u00e1lunk<\/p><p>S\u00fctikezel\u00e9si be\u00e1ll\u00edt\u00e1sok S\u00fctikezel\u00e9si be\u00e1ll\u00edt\u00e1saidat b\u00e1rmikor megv\u00e1ltoztathatod. Ez lehet\u0151v\u00e9 teszi, hogy \u00fajra megtekintsd a s\u00fctikezel\u00e9si hozz\u00e1j\u00e1rul\u00e1st, \u00e9s azonnal megv\u00e1ltoztasd a be\u00e1ll\u00edt\u00e1saidat vagy visszavond a hozz\u00e1j\u00e1rul\u00e1sodb\u00f3l.<\/p><p>Ezenk\u00edv\u00fcl a k\u00fcl\u00f6nb\u00f6z\u0151 b\u00f6ng\u00e9sz\u0151k k\u00fcl\u00f6nb\u00f6z\u0151 m\u00f3dszereket biztos\u00edtanak a weboldalak \u00e1ltal haszn\u00e1lt s\u00fctik blokkol\u00e1s\u00e1ra \u00e9s t\u00f6rl\u00e9s\u00e9re. Megv\u00e1ltoztathatod a b\u00f6ng\u00e9sz\u0151d be\u00e1ll\u00edt\u00e1sait annak \u00e9rdek\u00e9ben, hogy blokkolhasd\/t\u00f6r\u00f6lhesd a s\u00fctiket. Az al\u00e1bbiakban megtal\u00e1lod a linkeket a f\u0151bb webb\u00f6ng\u00e9sz\u0151k s\u00fctik kezel\u00e9s\u00e9r\u0151l sz\u00f3l\u00f3 t\u00e1mogat\u00e1si dokumentumaihoz.<\/p><p>Chrome:\u00a0<a href=\"https:\/\/support.google.com\/accounts\/answer\/32050\" target=\"_blank\" rel=\"noopener\">https:\/\/support.google.com\/accounts\/answer\/32050<\/a><\/p><p>Safari:\u00a0<a href=\"https:\/\/support.apple.com\/en-in\/guide\/safari\/sfri11471\/mac\" target=\"_blank\" rel=\"noopener\">https:\/\/support.apple.com\/en-in\/guide\/safari\/sfri11471\/mac<\/a><\/p><p>Firefox:\u00a0<a href=\"https:\/\/support.mozilla.org\/en-US\/kb\/clear-cookies-and-site-data-firefox?redirectslug=delete-cookies-remove-info-websites-stored&amp;redirectlocale=en-US\" target=\"_blank\" rel=\"noopener\">https:\/\/support.mozilla.org\/en-US\/kb\/clear-cookies-and-site-data-firefox?redirectslug=delete-cookies-remove-info-websites-stored&amp;redirectlocale=en-US<\/a><\/p><p>Internet Explorer:\u00a0<a href=\"https:\/\/support.microsoft.com\/en-us\/topic\/how-to-delete-cookie-files-in-internet-explorer-bca9446f-d873-78de-77ba-d42645fa52fc\" target=\"_blank\" rel=\"noopener\">https:\/\/support.microsoft.com\/en-us\/topic\/how-to-delete-cookie-files-in-internet-explorer-bca9446f-d873-78de-77ba-d42645fa52fc<\/a><\/p><p>Ha m\u00e1s b\u00f6ng\u00e9sz\u0151t haszn\u00e1lsz, k\u00e9rlek, l\u00e1togasd meg a b\u00f6ng\u00e9sz\u0151 hivatalos t\u00e1mogat\u00e1si dokumentumait.<\/p><p>\u00a0<\/p>\t\t\t\t\t\t\t\t<\/div>\n\t\t\t\t\t<\/div>\n\t\t\t\t<\/div>\n\t\t\t\t<\/div>\n\t\t","protected":false},"excerpt":{"rendered":"<p>S\u00fctikezel\u00e9si szab\u00e1lyzat \u00c9rv\u00e9nyes: 2026. m\u00e1rcius 24. Utols\u00f3 friss\u00edt\u00e9s: 2026. m\u00e1rcius 24. Mi is az a s\u00fcti? Ez a s\u00fctikezel\u00e9si szab\u00e1lyzat [&hellip;]<\/p>\n","protected":false},"author":1,"featured_media":0,"parent":0,"menu_order":0,"comment_status":"closed","ping_status":"closed","template":"","meta":{"site-sidebar-layout":"no-sidebar","site-content-layout":"","ast-site-content-layout":"full-width-container","site-content-style":"default","site-sidebar-style":"default","ast-global-header-display":"","ast-banner-title-visibility":"","ast-main-header-display":"","ast-hfb-above-header-display":"","ast-hfb-below-header-display":"","ast-hfb-mobile-header-display":"","site-post-title":"","ast-breadcrumbs-content":"","ast-featured-img":"disabled","footer-sml-layout":"","ast-disable-related-posts":"","theme-transparent-header-meta":"","adv-header-id-meta":"","stick-header-meta":"","header-above-stick-meta":"","header-main-stick-meta":"","header-below-stick-meta":"","astra-migrate-meta-layouts":"default","ast-page-background-enabled":"default","ast-page-background-meta":{"desktop":{"background-color":"var(--ast-global-color-5)","background-image":"","background-repeat":"repeat","background-position":"center center","background-size":"auto","background-attachment":"scroll","background-type":"","background-media":"","overlay-type":"","overlay-color":"","overlay-opacity":"","overlay-gradient":""},"tablet":{"background-color":"","background-image":"","background-repeat":"repeat","background-position":"center center","background-size":"auto","background-attachment":"scroll","background-type":"","background-media":"","overlay-type":"","overlay-color":"","overlay-opacity":"","overlay-gradient":""},"mobile":{"background-color":"","background-image":"","background-repeat":"repeat","background-position":"center center","background-size":"auto","background-attachment":"scroll","background-type":"","background-media":"","overlay-type":"","overlay-color":"","overlay-opacity":"","overlay-gradient":""}},"ast-content-background-meta":{"desktop":{"background-color":"var(--ast-global-color-4)","background-image":"","background-repeat":"repeat","background-position":"center center","background-size":"auto","background-attachment":"scroll","background-type":"","background-media":"","overlay-type":"","overlay-color":"","overlay-opacity":"","overlay-gradient":""},"tablet":{"background-color":"var(--ast-global-color-4)","background-image":"","background-repeat":"repeat","background-position":"center center","background-size":"auto","background-attachment":"scroll","background-type":"","background-media":"","overlay-type":"","overlay-color":"","overlay-opacity":"","overlay-gradient":""},"mobile":{"background-color":"var(--ast-global-color-4)","background-image":"","background-repeat":"repeat","background-position":"center center","background-size":"auto","background-attachment":"scroll","background-type":"","background-media":"","overlay-type":"","overlay-color":"","overlay-opacity":"","overlay-gradient":""}},"footnotes":""},"class_list":["post-522","page","type-page","status-publish","hentry"],"_links":{"self":[{"href":"https:\/\/toposervice.hu\/index.php?rest_route=\/wp\/v2\/pages\/522","targetHints":{"allow":["GET"]}}],"collection":[{"href":"https:\/\/toposervice.hu\/index.php?rest_route=\/wp\/v2\/pages"}],"about":[{"href":"https:\/\/toposervice.hu\/index.php?rest_route=\/wp\/v2\/types\/page"}],"author":[{"embeddable":true,"href":"https:\/\/toposervice.hu\/index.php?rest_route=\/wp\/v2\/users\/1"}],"replies":[{"embeddable":true,"href":"https:\/\/toposervice.hu\/index.php?rest_route=%2Fwp%2Fv2%2Fcomments&post=522"}],"version-history":[{"count":4,"href":"https:\/\/toposervice.hu\/index.php?rest_route=\/wp\/v2\/pages\/522\/revisions"}],"predecessor-version":[{"id":1843,"href":"https:\/\/toposervice.hu\/index.php?rest_route=\/wp\/v2\/pages\/522\/revisions\/1843"}],"wp:attachment":[{"href":"https:\/\/toposervice.hu\/index.php?rest_route=%2Fwp%2Fv2%2Fmedia&parent=522"}],"curies":[{"name":"wp","href":"https:\/\/api.w.org\/{rel}","templated":true}]}}